{"id":104,"date":"2013-05-22T12:20:08","date_gmt":"2013-05-22T12:20:08","guid":{"rendered":"http:\/\/fiready.s4w.co\/?page_id=104"},"modified":"2013-06-05T17:16:27","modified_gmt":"2013-06-05T17:16:27","slug":"fiready","status":"publish","type":"page","link":"http:\/\/fiready.com\/fr\/profil\/fiready\/","title":{"rendered":"Fiready"},"content":{"rendered":"<h2><strong>Fiready inc. une entreprise chevronn\u00e9e qui vous offre ce qu\u2019il y a de mieux!<\/strong><\/h2>\n<p>&nbsp;<\/p>\n<p>&nbsp;<\/p>\n<p>L&rsquo;entreprise familiale oeuvre dans le secteur de la foresterie depuis 1882.<\/p>\n<p>&nbsp;<\/p>\n<p>D\u00e9sirant diversifier ses activit\u00e9s foresti\u00e8res \u00e0 l&rsquo;aube du 3e mill\u00e9naire, son pr\u00e9sident-directeur, M. Peter Clair fonde\u00a0<em><strong>Fiready inc.<\/strong><\/em>, une entreprise d\u00e9vou\u00e9e \u00e0 la commercialisation de bois de chauffage, s\u00e9ch\u00e9 en usine. Depuis, la production et la vente de bois de chauffage sont devenues la principale activit\u00e9 de l&rsquo;entreprise familiale centenaire.<\/p>\n<p>&nbsp;<\/p>\n<p>\u00c9quip\u00e9 de proc\u00e9d\u00e9s de production \u00e0 la fine pointe,\u00a0<em><strong>Fiready inc.<\/strong><\/em>\u00a0propose \u00e0 sa client\u00e8le un produit de qualit\u00e9 exceptionnelle, jumel\u00e9 \u00e0 un excellent service de vente et apr\u00e8s-vente.<\/p>\n<p>&nbsp;<\/p>\n<p><em><strong>Fiready inc.<\/strong><\/em>\u00a0a instaur\u00e9 un processus de contr\u00f4le de la qualit\u00e9 \u00e0 chacune des trois \u00e9tapes de transformation du bois de chauffage. Les clients peuvent donc compter sur un produit fini de qualit\u00e9 optimale qui comporte les meilleures propri\u00e9t\u00e9s.<\/p>\n<p>&nbsp;<\/p>\n<p>La force de\u00a0<em><strong>Fiready inc.<\/strong><\/em>\u00a0r\u00e9side dans la relation solide qu&rsquo;elle entretient avec ses partenaires au sein de la cha\u00eene de distribution de la cueillette en for\u00eat, \u00e0 la transformation en usine, \u00e0 la livraison aux clients. Il s&rsquo;agit d&rsquo;un crit\u00e8re de succ\u00e8s d\u00e9terminant pour l&rsquo;entreprise qui lui permet d&rsquo;optimiser la qualit\u00e9 du produit qu&rsquo;elle offre.<\/p>\n","protected":false},"excerpt":{"rendered":"<p>Fiready inc. une entreprise chevronn\u00e9e qui vous offre ce qu\u2019il y a de mieux! &nbsp; &nbsp; L&rsquo;entreprise familiale oeuvre dans le secteur de la foresterie depuis 1882. &nbsp; D\u00e9sirant diversifier ses activit\u00e9s foresti\u00e8res \u00e0 l&rsquo;aube du 3e mill\u00e9naire, son pr\u00e9sident-directeur, M. Peter Clair fonde\u00a0Fiready inc., une entreprise d\u00e9vou\u00e9e \u00e0 la commercialisation de bois de chauffage, [&hellip;]<\/p>\n","protected":false},"author":1,"featured_media":176,"parent":39,"menu_order":0,"comment_status":"open","ping_status":"open","template":"","meta":{"footnotes":""},"class_list":["post-104","page","type-page","status-publish","has-post-thumbnail","hentry"],"_links":{"self":[{"href":"http:\/\/fiready.com\/fr\/wp-json\/wp\/v2\/pages\/104","targetHints":{"allow":["GET"]}}],"collection":[{"href":"http:\/\/fiready.com\/fr\/wp-json\/wp\/v2\/pages"}],"about":[{"href":"http:\/\/fiready.com\/fr\/wp-json\/wp\/v2\/types\/page"}],"author":[{"embeddable":true,"href":"http:\/\/fiready.com\/fr\/wp-json\/wp\/v2\/users\/1"}],"replies":[{"embeddable":true,"href":"http:\/\/fiready.com\/fr\/wp-json\/wp\/v2\/comments?post=104"}],"version-history":[{"count":3,"href":"http:\/\/fiready.com\/fr\/wp-json\/wp\/v2\/pages\/104\/revisions"}],"predecessor-version":[{"id":109,"href":"http:\/\/fiready.com\/fr\/wp-json\/wp\/v2\/pages\/104\/revisions\/109"}],"up":[{"embeddable":true,"href":"http:\/\/fiready.com\/fr\/wp-json\/wp\/v2\/pages\/39"}],"wp:featuredmedia":[{"embeddable":true,"href":"http:\/\/fiready.com\/fr\/wp-json\/wp\/v2\/media\/176"}],"wp:attachment":[{"href":"http:\/\/fiready.com\/fr\/wp-json\/wp\/v2\/media?parent=104"}],"curies":[{"name":"wp","href":"https:\/\/api.w.org\/{rel}","templated":true}]}}