{"id":107,"date":"2013-05-22T12:20:46","date_gmt":"2013-05-22T12:20:46","guid":{"rendered":"http:\/\/fiready.s4w.co\/?page_id=107"},"modified":"2016-05-24T16:17:40","modified_gmt":"2016-05-24T16:17:40","slug":"equipe","status":"publish","type":"page","link":"http:\/\/fiready.com\/fr\/profil\/equipe\/","title":{"rendered":"\u00c9quipe"},"content":{"rendered":"<h2><strong>Une \u00e9quipe dynamique et constante;\u00a0<\/strong>un bois de foyer et un service fiables<\/h2>\n<p>Chez\u00a0<em><strong>Fiready<\/strong><\/em>, nous sommes persuad\u00e9s que la base d&rsquo;une entreprise repose sur ses ressources humaines et sur ses valeurs.<\/p>\n<p>Notre personnel est conscient que chacune des \u00e9tapes : de la cueillette en for\u00eat, \u00e0 la transformation, au s\u00e9chage, \u00e0 l&#8217;emballage, au service \u00e0 la vente et apr\u00e8s-vente, doit \u00eatre effectu\u00e9e au meilleur de nous-m\u00eames en tout temps, et ce, jusqu&rsquo;\u00e0 la livraison de nos produits \u00e0 votre porte!<\/p>\n<p>C&rsquo;est pourquoi nous pouvons vous offrir un produit qui d\u00e9passe les normes et dont nous sommes fiers.<\/p>\n<p>&nbsp;<\/p>\n<p><em><strong>Peter Clair, Pr\u00e9sident<\/strong><\/em><br \/>\n<em>Gestion, responsable de l\u2019approvisionnement de mati\u00e8re premi\u00e8re<\/em><\/p>\n<p><em><strong><br \/>\nMarielle Clair<\/strong><\/em><br \/>\n<em>Gestion, Directrice des ventes et du marketing<\/em><\/p>\n<p><em><strong><br \/>\nIan Clair<\/strong><\/em><br \/>\n<em> Superviseur de la production, chaudi\u00e8re biomasse-s\u00e9choir, et de la certification<\/em><\/p>\n<p><em><strong><br \/>\nGuy Voyer<\/strong><\/em><br \/>\n<em>Administration et comptabilit\u00e9<\/em><\/p>\n<p><em><strong><br \/>\nAlex Clair<\/strong><\/em><br \/>\n<em>Administration et exp\u00e9dition de produits et service<\/em><\/p>\n","protected":false},"excerpt":{"rendered":"<p>Une \u00e9quipe dynamique et constante;\u00a0un bois de foyer et un service fiables Chez\u00a0Fiready, nous sommes persuad\u00e9s que la base d&rsquo;une entreprise repose sur ses ressources humaines et sur ses valeurs. Notre personnel est conscient que chacune des \u00e9tapes : de la cueillette en for\u00eat, \u00e0 la transformation, au s\u00e9chage, \u00e0 l&#8217;emballage, au service \u00e0 la [&hellip;]<\/p>\n","protected":false},"author":1,"featured_media":467,"parent":39,"menu_order":0,"comment_status":"open","ping_status":"open","template":"","meta":{"footnotes":""},"class_list":["post-107","page","type-page","status-publish","has-post-thumbnail","hentry"],"_links":{"self":[{"href":"http:\/\/fiready.com\/fr\/wp-json\/wp\/v2\/pages\/107","targetHints":{"allow":["GET"]}}],"collection":[{"href":"http:\/\/fiready.com\/fr\/wp-json\/wp\/v2\/pages"}],"about":[{"href":"http:\/\/fiready.com\/fr\/wp-json\/wp\/v2\/types\/page"}],"author":[{"embeddable":true,"href":"http:\/\/fiready.com\/fr\/wp-json\/wp\/v2\/users\/1"}],"replies":[{"embeddable":true,"href":"http:\/\/fiready.com\/fr\/wp-json\/wp\/v2\/comments?post=107"}],"version-history":[{"count":11,"href":"http:\/\/fiready.com\/fr\/wp-json\/wp\/v2\/pages\/107\/revisions"}],"predecessor-version":[{"id":464,"href":"http:\/\/fiready.com\/fr\/wp-json\/wp\/v2\/pages\/107\/revisions\/464"}],"up":[{"embeddable":true,"href":"http:\/\/fiready.com\/fr\/wp-json\/wp\/v2\/pages\/39"}],"wp:featuredmedia":[{"embeddable":true,"href":"http:\/\/fiready.com\/fr\/wp-json\/wp\/v2\/media\/467"}],"wp:attachment":[{"href":"http:\/\/fiready.com\/fr\/wp-json\/wp\/v2\/media?parent=107"}],"curies":[{"name":"wp","href":"https:\/\/api.w.org\/{rel}","templated":true}]}}