{"id":119,"date":"2013-05-22T12:24:27","date_gmt":"2013-05-22T12:24:27","guid":{"rendered":"http:\/\/fiready.s4w.co\/?page_id=119"},"modified":"2013-07-26T13:09:22","modified_gmt":"2013-07-26T13:09:22","slug":"camping","status":"publish","type":"page","link":"http:\/\/fiready.com\/fr\/trucs-et-divertissements\/camping\/","title":{"rendered":"Camping"},"content":{"rendered":"<h2><strong>Un feu tout en s\u2019amusant!<\/strong><\/h2>\n<p>&nbsp;<\/p>\n<p>&nbsp;<\/p>\n<p>Le bois de chauffage peut h\u00e9berger des insectes nuisibles qui se cachent sous l\u2019\u00e9corce de bois non trait\u00e9 \u00e0 la chaleur, souvent transport\u00e9s par des vacanciers. Les dommages caus\u00e9s par les esp\u00e8ces envahissantes peuvent se r\u00e9pandre rapidement et d\u00e9truire nos ressources foresti\u00e8res, tout le monde en subit les cons\u00e9quences.<\/p>\n<p>&nbsp;<\/p>\n<p><em>La solution est simple\u00a0:\u00a0<strong>Ne transportez pas de bois de chauffage, laissez celui-ci chez vous.\u00a0<\/strong>Utilisez plut\u00f4t un bois de camping s\u00e9ch\u00e9 au four, certifi\u00e9 sans insectes, s\u00e9curitaire \u00e0 l\u2019entreposage et \u00e0 l\u2019utilisation.<\/em><\/p>\n<p>&nbsp;<\/p>\n<p><strong>Fiready\u00a0<\/strong>offre aux campeurs et aux propri\u00e9taires de terrain de camping des produits de bois d\u00fbment s\u00e9ch\u00e9 au four. Ces derniers rencontrent et m\u00eame d\u00e9passent les normes de certification du traitement \u00e0 la chaleur intense. Ainsi tous pourront profiter d\u2019un feu de camp sans se pr\u00e9occuper d\u2019insectes nuisibles ou de moisissure d\u00e9gueullasse.<\/p>\n<p>&nbsp;<\/p>\n<p>De cette fa\u00e7on les campeurs ne transporteront pas d\u2019insectes en nouvelle r\u00e9gion et les propri\u00e9taires seront sans souci pour leur lot bois\u00e9 environnant.<\/p>\n<p>&nbsp;<\/p>\n<p>Donc le bois s\u00e9ch\u00e9 au four de Fiready; pour une soir\u00e9e devant un feu tout en s\u2019amusant et non en infestant!<\/p>\n<p>&nbsp;<\/p>\n<p>&nbsp;<\/p>\n<p><em><strong>Associations de camping:<\/strong><\/em><\/p>\n<p>&nbsp;<\/p>\n<p><a href=\"http:\/\/www.campingquebec.com\/\" target=\"_blank\">Camping Qu\u00e9bec<\/a><\/p>\n<p>&nbsp;<\/p>\n<p><a href=\"http:\/\/fr.ccamping.org\/index.php?id=11\" target=\"_blank\">Association des camps du Canada<\/a><\/p>\n<p>&nbsp;<\/p>\n<p><a href=\"http:\/\/www.inspection.gc.ca\/francais\/plaveg\/for\/prod\/firef.shtml\" target=\"_blank\">\u00a0<\/a><\/p>\n<p><a href=\"http:\/\/www.inspection.gc.ca\/francais\/plaveg\/for\/prod\/firef.shtml\" target=\"_blank\">Prot\u00e9geons nos for\u00eats<\/a><\/p>\n","protected":false},"excerpt":{"rendered":"<p>Un feu tout en s\u2019amusant! &nbsp; &nbsp; Le bois de chauffage peut h\u00e9berger des insectes nuisibles qui se cachent sous l\u2019\u00e9corce de bois non trait\u00e9 \u00e0 la chaleur, souvent transport\u00e9s par des vacanciers. Les dommages caus\u00e9s par les esp\u00e8ces envahissantes peuvent se r\u00e9pandre rapidement et d\u00e9truire nos ressources foresti\u00e8res, tout le monde en subit les [&hellip;]<\/p>\n","protected":false},"author":1,"featured_media":379,"parent":40,"menu_order":0,"comment_status":"open","ping_status":"open","template":"","meta":{"footnotes":""},"class_list":["post-119","page","type-page","status-publish","has-post-thumbnail","hentry"],"_links":{"self":[{"href":"http:\/\/fiready.com\/fr\/wp-json\/wp\/v2\/pages\/119","targetHints":{"allow":["GET"]}}],"collection":[{"href":"http:\/\/fiready.com\/fr\/wp-json\/wp\/v2\/pages"}],"about":[{"href":"http:\/\/fiready.com\/fr\/wp-json\/wp\/v2\/types\/page"}],"author":[{"embeddable":true,"href":"http:\/\/fiready.com\/fr\/wp-json\/wp\/v2\/users\/1"}],"replies":[{"embeddable":true,"href":"http:\/\/fiready.com\/fr\/wp-json\/wp\/v2\/comments?post=119"}],"version-history":[{"count":2,"href":"http:\/\/fiready.com\/fr\/wp-json\/wp\/v2\/pages\/119\/revisions"}],"predecessor-version":[{"id":127,"href":"http:\/\/fiready.com\/fr\/wp-json\/wp\/v2\/pages\/119\/revisions\/127"}],"up":[{"embeddable":true,"href":"http:\/\/fiready.com\/fr\/wp-json\/wp\/v2\/pages\/40"}],"wp:featuredmedia":[{"embeddable":true,"href":"http:\/\/fiready.com\/fr\/wp-json\/wp\/v2\/media\/379"}],"wp:attachment":[{"href":"http:\/\/fiready.com\/fr\/wp-json\/wp\/v2\/media?parent=119"}],"curies":[{"name":"wp","href":"https:\/\/api.w.org\/{rel}","templated":true}]}}