{"id":126,"date":"2013-05-22T12:25:31","date_gmt":"2013-05-22T12:25:31","guid":{"rendered":"http:\/\/fiready.s4w.co\/?page_id=126"},"modified":"2013-07-26T13:10:06","modified_gmt":"2013-07-26T13:10:06","slug":"temoignages","status":"publish","type":"page","link":"http:\/\/fiready.com\/fr\/trucs-et-divertissements\/temoignages\/","title":{"rendered":"T\u00e9moignages"},"content":{"rendered":"<h2><strong>De bouche \u00e0 oreille!<\/strong><\/h2>\n<p>&nbsp;<\/p>\n<p>&nbsp;<\/p>\n<p>\u00ab<em><strong>Fiready offre un produit de qualit\u00e9 sup\u00e9rieure depuis le d\u00e9but. L&#8217;emballage est soign\u00e9, propre et informatif. La satisfaction du client semble \u00eatre primordiale, ce qui se refl\u00e8te dans la qualit\u00e9 de leurs produits<\/strong>.<\/em>\u00bb<\/p>\n<p>&nbsp;<\/p>\n<p>Al Kaufmann<\/p>\n<p>Lynbrook, NY<\/p>\n<p>&nbsp;<\/p>\n<p>&nbsp;<\/p>\n<p><strong><em>\u00abFiready est tout simplement le meilleur bois de chauffage que notre soci\u00e9t\u00e9 importe, le m\u00e9lange d\u2019h\u00eatre, ch\u00eane et bouleau est particuli\u00e8rement calorique, de plus le bois \u00e9tant pr\u00e9alablement s\u00e9cher au four, cela \u00e9limine les \u00e9ventuelles moisissures et insectes, l\u2019emballage est propre, pratique et recyclable. L\u2019importation du bois Fiready \u00e0 Saint-Pierre &amp; Miquelon, contribue \u00e0 la protection de notre petite et unique for\u00eat bor\u00e9ale de France.\u00bb<\/em><\/strong><\/p>\n<p>&nbsp;<\/p>\n<p>Marcel Dagort<\/p>\n<p>CENTRE COMMERCIAL MARCEL DAGORT HOME HARDWARE CENTER<\/p>\n<p>Saint-Pierre &amp; Miquelon, France<\/p>\n","protected":false},"excerpt":{"rendered":"<p>De bouche \u00e0 oreille! &nbsp; &nbsp; \u00abFiready offre un produit de qualit\u00e9 sup\u00e9rieure depuis le d\u00e9but. L&#8217;emballage est soign\u00e9, propre et informatif. La satisfaction du client semble \u00eatre primordiale, ce qui se refl\u00e8te dans la qualit\u00e9 de leurs produits.\u00bb &nbsp; Al Kaufmann Lynbrook, NY &nbsp; &nbsp; \u00abFiready est tout simplement le meilleur bois de chauffage [&hellip;]<\/p>\n","protected":false},"author":1,"featured_media":381,"parent":40,"menu_order":0,"comment_status":"open","ping_status":"open","template":"","meta":{"footnotes":""},"class_list":["post-126","page","type-page","status-publish","has-post-thumbnail","hentry"],"_links":{"self":[{"href":"http:\/\/fiready.com\/fr\/wp-json\/wp\/v2\/pages\/126","targetHints":{"allow":["GET"]}}],"collection":[{"href":"http:\/\/fiready.com\/fr\/wp-json\/wp\/v2\/pages"}],"about":[{"href":"http:\/\/fiready.com\/fr\/wp-json\/wp\/v2\/types\/page"}],"author":[{"embeddable":true,"href":"http:\/\/fiready.com\/fr\/wp-json\/wp\/v2\/users\/1"}],"replies":[{"embeddable":true,"href":"http:\/\/fiready.com\/fr\/wp-json\/wp\/v2\/comments?post=126"}],"version-history":[{"count":3,"href":"http:\/\/fiready.com\/fr\/wp-json\/wp\/v2\/pages\/126\/revisions"}],"predecessor-version":[{"id":387,"href":"http:\/\/fiready.com\/fr\/wp-json\/wp\/v2\/pages\/126\/revisions\/387"}],"up":[{"embeddable":true,"href":"http:\/\/fiready.com\/fr\/wp-json\/wp\/v2\/pages\/40"}],"wp:featuredmedia":[{"embeddable":true,"href":"http:\/\/fiready.com\/fr\/wp-json\/wp\/v2\/media\/381"}],"wp:attachment":[{"href":"http:\/\/fiready.com\/fr\/wp-json\/wp\/v2\/media?parent=126"}],"curies":[{"name":"wp","href":"https:\/\/api.w.org\/{rel}","templated":true}]}}