{"id":134,"date":"2013-05-22T12:33:16","date_gmt":"2013-05-22T12:33:16","guid":{"rendered":"http:\/\/fiready.s4w.co\/?page_id=134"},"modified":"2016-02-22T12:46:29","modified_gmt":"2016-02-22T12:46:29","slug":"ou-acheter","status":"publish","type":"page","link":"http:\/\/fiready.com\/fr\/ou-acheter\/","title":{"rendered":"O\u00f9 acheter"},"content":{"rendered":"<p>Vous cherchez un endroit o\u00f9 vous procurer nos produits? Ils sont disponibles \u00e0 plusieurs endroits au Canada et aux \u00c9tats-Unis. C\u2019est simple, vous n\u2019avez qu\u2019\u00e0 entrer le nom d\u2019une localit\u00e9.<\/p>\n<p>\u00a0[SLPLUS]<\/p>\n","protected":false},"excerpt":{"rendered":"<p>Vous cherchez un endroit o\u00f9 vous procurer nos produits? Ils sont disponibles \u00e0 plusieurs endroits au Canada et aux \u00c9tats-Unis. C\u2019est simple, vous n\u2019avez qu\u2019\u00e0 entrer le nom d\u2019une localit\u00e9. \u00a0[SLPLUS]<\/p>\n","protected":false},"author":1,"featured_media":437,"parent":0,"menu_order":0,"comment_status":"open","ping_status":"open","template":"","meta":{"footnotes":""},"class_list":["post-134","page","type-page","status-publish","has-post-thumbnail","hentry"],"_links":{"self":[{"href":"http:\/\/fiready.com\/fr\/wp-json\/wp\/v2\/pages\/134","targetHints":{"allow":["GET"]}}],"collection":[{"href":"http:\/\/fiready.com\/fr\/wp-json\/wp\/v2\/pages"}],"about":[{"href":"http:\/\/fiready.com\/fr\/wp-json\/wp\/v2\/types\/page"}],"author":[{"embeddable":true,"href":"http:\/\/fiready.com\/fr\/wp-json\/wp\/v2\/users\/1"}],"replies":[{"embeddable":true,"href":"http:\/\/fiready.com\/fr\/wp-json\/wp\/v2\/comments?post=134"}],"version-history":[{"count":5,"href":"http:\/\/fiready.com\/fr\/wp-json\/wp\/v2\/pages\/134\/revisions"}],"predecessor-version":[{"id":439,"href":"http:\/\/fiready.com\/fr\/wp-json\/wp\/v2\/pages\/134\/revisions\/439"}],"wp:featuredmedia":[{"embeddable":true,"href":"http:\/\/fiready.com\/fr\/wp-json\/wp\/v2\/media\/437"}],"wp:attachment":[{"href":"http:\/\/fiready.com\/fr\/wp-json\/wp\/v2\/media?parent=134"}],"curies":[{"name":"wp","href":"https:\/\/api.w.org\/{rel}","templated":true}]}}