{"id":17,"date":"2013-05-09T14:09:37","date_gmt":"2013-05-09T14:09:37","guid":{"rendered":"http:\/\/fiready.s4w.co\/?page_id=17"},"modified":"2016-05-24T16:01:08","modified_gmt":"2016-05-24T16:01:08","slug":"cozy-2","status":"publish","type":"page","link":"http:\/\/fiready.com\/fr\/accueil\/cozy-2\/","title":{"rendered":"Cozy"},"content":{"rendered":"<p><img loading=\"lazy\" decoding=\"async\" class=\"alignright  wp-image-291\" alt=\"Emballage Cozy\" src=\"http:\/\/fiready.com\/wp-content\/uploads\/2013\/05\/cozy-wood.png\" width=\"360\" height=\"440\" srcset=\"http:\/\/fiready.com\/wp-content\/uploads\/2013\/05\/cozy-wood.png 450w, http:\/\/fiready.com\/wp-content\/uploads\/2013\/05\/cozy-wood-245x300.png 245w, http:\/\/fiready.com\/wp-content\/uploads\/2013\/05\/cozy-wood-250x305.png 250w\" sizes=\"auto, (max-width: 360px) 100vw, 360px\" \/><\/p>\n<table class=\"Tableau_produit\" style=\"width: 323px;\" border=\"0\">\n<tbody>\n<tr>\n<td class=\"head1\">\n<h1>Cozy<\/h1>\n<\/td>\n<\/tr>\n<tr>\n<td>\n<p><span style=\"font-size: small;\"><strong>UPC :<\/strong><\/span><\/p>\n<p><span style=\"font-size: small;\">6-81965-07516-8<\/span><\/p>\n<hr style=\"height: 1px;\" \/>\n<p><span style=\"font-size: small;\"><strong>Mesure imp\u00e9riale :<\/strong><\/span><\/p>\n<p><span style=\"font-size: small;\">0,75 pi cu, empil\u00e9<\/span><\/p>\n<hr style=\"height: 1px;\" \/>\n<p><span style=\"font-size: small;\"><strong>Mesure m\u00e9trique :<\/strong><\/span><\/p>\n<p><span style=\"font-size: small;\">20 dm<sup>3<\/sup><\/span><\/p>\n<hr style=\"height: 1px;\" \/>\n<p><span style=\"font-size: small;\"><strong>Poids approximatif :<\/strong><\/span><\/p>\n<p><span style=\"font-size: small;\">18 lb \/ 8.2 kg<\/span><\/p>\n<hr style=\"height: 1px;\" \/>\n<p><span style=\"font-size: small;\"><strong>Dimensions approximatives :<\/strong><\/span><\/p>\n<p><span style=\"font-size: small;\">16&Prime; X 9&Prime; X 9&Prime; \/ 40 cm X 23 cm X 23 cm<\/span><\/p>\n<hr style=\"height: 1px;\" \/>\n<p><span style=\"font-size: small;\"><strong>Sacs \/ Palette :<\/strong><\/span><\/p>\n<p><span style=\"font-size: small;\">90 sacs ou (45\/45) superpos\u00e9s<\/span><\/p>\n<hr style=\"height: 1px;\" \/>\n<p><span style=\"font-size: small;\"><strong>Palette :<\/strong><\/span><\/p>\n<p><span style=\"font-size: small;\">40&Prime; X 48&Prime; (quatre entr\u00e9es) \/ 100 cm X 120 cm<\/span><\/p>\n<hr style=\"height: 1px;\" \/>\n<p><span style=\"font-size: small;\"><strong>Poids approximatif par palette (90 sacs) :<\/strong><\/span><\/p>\n<p><span style=\"font-size: small;\">1680 lb \/ 764 kg<\/span><\/p>\n<hr style=\"height: 1px;\" \/>\n<p><span style=\"font-size: small;\"><strong>Poids approximatif par palette (45 sacs) :<\/strong><\/span><\/p>\n<p><span style=\"font-size: small;\">840 lb \/ 382 kg<\/span><\/p>\n<hr style=\"height: 1px;\" \/>\n<p><span style=\"font-size: small;\"><strong>Sacs \/ Palette \/ Camion :<\/strong><\/span><\/p>\n<p><span style=\"font-size: small;\">2160 sacs \/ 24 palettes \u00c9TAT-UNIS<\/span><\/p>\n<p><span style=\"font-size: small;\">2340 sacs \/ 26 palettes CANADA<\/span><\/p>\n<hr style=\"height: 1px;\" \/>\n<p><span style=\"font-size: small;\"><strong>Palette cubique (90 sacs) :<\/strong><\/span><\/p>\n<p><span style=\"font-size: small;\">40&Prime; X 48&Prime; X 72&Prime; \/ 100 cm X 120 cm X 180cm<\/span><\/p>\n<hr style=\"height: 1px;\" \/>\n<p><span style=\"font-size: small;\"><strong>Palette cubique (45 sacs) :<\/strong><\/span><\/p>\n<p><span style=\"font-size: small;\">40&Prime; X 48&Prime; X 36&Prime; \/ 100 cm X 120 cm X 90 cm<\/span><\/p>\n<hr style=\"height: 1px;\" \/><\/td>\n<\/tr>\n<\/tbody>\n<\/table>\n<p>&nbsp;<\/p>\n<h2>Options<\/h2>\n<p><strong><br \/>W1675W :<\/strong><\/p>\n<p>90 sacs (45\/45) sur palettes superpos\u00e9es \/ Avec allume-feu non-toxique ins\u00e9r\u00e9 dans le sac.<\/p>\n<p><strong><br \/>GW1675W :<\/strong><\/p>\n<p>90 sacs (45\/45) sur palettes superpos\u00e9es \/ Sans allume-feu.<\/p>\n<p><strong><br \/>B1675 :<\/strong><\/p>\n<p>90 sacs sur palette simple \/ Avec allume-feu non-toxique ins\u00e9r\u00e9 dans le sac.<\/p>\n<p><strong><a href=\"http:\/\/fiready.com\/wp-content\/uploads\/2013\/05\/Cozy-Info-Sheet-fr1.pdf\"><br \/>T\u00e9l\u00e9charger la fiche PDF<\/a><\/p>\n<p><\/strong><strong><a href=\"mailto:fiready@fiready.com\" target=\"_blank\">Passer une commande.<\/p>\n<p><\/a><\/strong><\/p>\n<address><em id=\"__mceDel\">Application de cr\u00e9dit requise.<\/em><\/address>\n","protected":false},"excerpt":{"rendered":"<p>Cozy UPC : 6-81965-07516-8 Mesure imp\u00e9riale : 0,75 pi cu, empil\u00e9 Mesure m\u00e9trique : 20 dm3 Poids approximatif : 18 lb \/ 8.2 kg Dimensions approximatives : 16&Prime; X 9&Prime; X 9&Prime; \/ 40 cm X 23 cm X 23 cm Sacs \/ Palette : 90 sacs ou (45\/45) superpos\u00e9s Palette : 40&Prime; X 48&Prime; [&hellip;]<\/p>\n","protected":false},"author":1,"featured_media":194,"parent":7,"menu_order":0,"comment_status":"open","ping_status":"open","template":"","meta":{"footnotes":""},"class_list":["post-17","page","type-page","status-publish","has-post-thumbnail","hentry"],"_links":{"self":[{"href":"http:\/\/fiready.com\/fr\/wp-json\/wp\/v2\/pages\/17","targetHints":{"allow":["GET"]}}],"collection":[{"href":"http:\/\/fiready.com\/fr\/wp-json\/wp\/v2\/pages"}],"about":[{"href":"http:\/\/fiready.com\/fr\/wp-json\/wp\/v2\/types\/page"}],"author":[{"embeddable":true,"href":"http:\/\/fiready.com\/fr\/wp-json\/wp\/v2\/users\/1"}],"replies":[{"embeddable":true,"href":"http:\/\/fiready.com\/fr\/wp-json\/wp\/v2\/comments?post=17"}],"version-history":[{"count":14,"href":"http:\/\/fiready.com\/fr\/wp-json\/wp\/v2\/pages\/17\/revisions"}],"predecessor-version":[{"id":459,"href":"http:\/\/fiready.com\/fr\/wp-json\/wp\/v2\/pages\/17\/revisions\/459"}],"up":[{"embeddable":true,"href":"http:\/\/fiready.com\/fr\/wp-json\/wp\/v2\/pages\/7"}],"wp:featuredmedia":[{"embeddable":true,"href":"http:\/\/fiready.com\/fr\/wp-json\/wp\/v2\/media\/194"}],"wp:attachment":[{"href":"http:\/\/fiready.com\/fr\/wp-json\/wp\/v2\/media?parent=17"}],"curies":[{"name":"wp","href":"https:\/\/api.w.org\/{rel}","templated":true}]}}