{"id":29,"date":"2013-05-22T11:58:15","date_gmt":"2013-05-22T11:58:15","guid":{"rendered":"http:\/\/fiready.s4w.co\/?page_id=29"},"modified":"2016-05-24T16:00:53","modified_gmt":"2016-05-24T16:00:53","slug":"composantes-de-bois-doeuvre","status":"publish","type":"page","link":"http:\/\/fiready.com\/fr\/accueil\/composantes-de-bois-doeuvre\/","title":{"rendered":"Composantes de bois d&rsquo;oeuvre"},"content":{"rendered":"<p><img loading=\"lazy\" decoding=\"async\" class=\"alignright size-full wp-image-329\" alt=\"Composantes  de bois d\u2019oeuvre\" src=\"http:\/\/fiready.com\/wp-content\/uploads\/2013\/05\/Cut-To-Size-fr.png\" width=\"450\" height=\"550\" srcset=\"http:\/\/fiready.com\/wp-content\/uploads\/2013\/05\/Cut-To-Size-fr.png 450w, http:\/\/fiready.com\/wp-content\/uploads\/2013\/05\/Cut-To-Size-fr-245x300.png 245w, http:\/\/fiready.com\/wp-content\/uploads\/2013\/05\/Cut-To-Size-fr-250x305.png 250w\" sizes=\"auto, (max-width: 450px) 100vw, 450px\" \/><\/p>\n<table class=\"Tableau_produit\" style=\"width: 323px;\" border=\"0\">\n<tbody>\n<tr>\n<td class=\"head1\">\n<h1>Composantes <br \/>de bois d\u2019oeuvre<\/h1>\n<\/td>\n<\/tr>\n<tr>\n<td>\n<p><span style=\"font-size: small;\"><strong>UPC :<\/strong><\/span><\/p>\n<p><span style=\"font-size: small;\">6-81965-03012-9<\/span><\/p>\n<hr style=\"height: 1px;\" \/>\n<p><span style=\"font-size: small;\"><strong>Mesure imp\u00e9riale :<\/strong><\/span><\/p>\n<p><span style=\"font-size: small;\">0.40 pi cu, empil\u00e9<\/span><\/p>\n<hr style=\"height: 1px;\" \/>\n<p><span style=\"font-size: small;\"><strong>Mesure m\u00e9trique :<\/strong><\/span><\/p>\n<p><span style=\"font-size: small;\">11.5 dm<sup>3<\/sup><\/span><\/p>\n<hr style=\"height: 1px;\" \/>\n<p><span style=\"font-size: small;\"><strong>Poids approximatif :<\/strong><\/span><\/p>\n<p><span style=\"font-size: small;\">10 lb \/ 4.5 kg<\/span><\/p>\n<hr style=\"height: 1px;\" \/>\n<p><span style=\"font-size: small;\"><strong>Dimensions approximatives :<\/strong><\/span><\/p>\n<p><span style=\"font-size: small;\">11&Prime; X 14&Prime; X 5&Prime; \/ 30 cm X 35.5 cm X 13 cm<\/span><\/p>\n<hr style=\"height: 1px;\" \/>\n<p><span style=\"font-size: small;\"><strong>Sacs \/ Palette :<\/strong><\/span><\/p>\n<p><span style=\"font-size: small;\">144 sacs ou (72\/72) superpos\u00e9s<\/span><\/p>\n<hr style=\"height: 1px;\" \/>\n<p><span style=\"font-size: small;\"><strong>Palette :<\/strong><\/span><\/p>\n<p><span style=\"font-size: small;\">40&Prime; X 48&Prime; (quatre entr\u00e9es) \/ 100 cm X 120 cm<\/span><\/p>\n<hr style=\"height: 1px;\" \/>\n<p><span style=\"font-size: small;\"><strong>Poids approximatif par palette (144 sacs) :<\/strong><\/span><\/p>\n<p><span style=\"font-size: small;\">1540 lb \/ 699 kg<\/span><\/p>\n<hr style=\"height: 1px;\" \/>\n<p><span style=\"font-size: small;\"><strong>Sacs \/ Palette \/ Camion :<\/strong><\/span><\/p>\n<p><span style=\"font-size: small;\">3456 sacs \/ 24 palettes \u00c9TAT-UNIS<\/span><\/p>\n<p><span style=\"font-size: small;\">3744 sacs \/ 26 palettes CANADA<\/span><\/p>\n<hr style=\"height: 1px;\" \/>\n<p><span style=\"font-size: small;\"><strong>Palette cubique (144 sacs) :<\/strong><\/span><\/p>\n<p><span style=\"font-size: small;\">40&Prime; X 48&Prime; X 64&Prime; \/ 100 cm X 120 cm X 163 cm<\/span><\/p>\n<hr style=\"height: 1px;\" \/>\n<p><span style=\"font-size: small;\"><strong><strong>Palette cubique (72 sacs) :<\/strong><br \/><\/strong><\/span><\/p>\n<p><span style=\"font-size: small;\">40&Prime; X 48&Prime; X 32&Prime; \/ 100 cm X 120 cm X 81 cm<\/span><\/p>\n<hr style=\"height: 1px;\" \/><\/td>\n<\/tr>\n<\/tbody>\n<\/table>\n<h2>Options<\/p>\n<\/h2>\n<p><strong>G1040K :<\/strong><\/p>\n<p>144 sacs (72\/72) sur palettes superpos\u00e9es \/ Bois franc.<\/p>\n<p><strong>GB1040K :<\/strong><\/p>\n<p>144 sacs (72\/72) sur palettes superpos\u00e9es \/ Bois mou.<\/p>\n<p><strong><a href=\"http:\/\/fiready.com\/wp-content\/uploads\/2013\/05\/cut-to-size-fr.pdf\"><br \/>T\u00e9l\u00e9charger la fiche PDF<\/a><\/strong><\/p>\n<p><strong><a href=\"mailto:fiready@fiready.com\" target=\"_blank\">Passer une commande.<\/a><\/strong><\/p>\n<address>Application de cr\u00e9dit requise.<\/address>\n","protected":false},"excerpt":{"rendered":"<p>Composantes de bois d\u2019oeuvre UPC : 6-81965-03012-9 Mesure imp\u00e9riale : 0.40 pi cu, empil\u00e9 Mesure m\u00e9trique : 11.5 dm3 Poids approximatif : 10 lb \/ 4.5 kg Dimensions approximatives : 11&Prime; X 14&Prime; X 5&Prime; \/ 30 cm X 35.5 cm X 13 cm Sacs \/ Palette : 144 sacs ou (72\/72) superpos\u00e9s Palette : [&hellip;]<\/p>\n","protected":false},"author":1,"featured_media":265,"parent":7,"menu_order":0,"comment_status":"open","ping_status":"open","template":"","meta":{"footnotes":""},"class_list":["post-29","page","type-page","status-publish","has-post-thumbnail","hentry"],"_links":{"self":[{"href":"http:\/\/fiready.com\/fr\/wp-json\/wp\/v2\/pages\/29","targetHints":{"allow":["GET"]}}],"collection":[{"href":"http:\/\/fiready.com\/fr\/wp-json\/wp\/v2\/pages"}],"about":[{"href":"http:\/\/fiready.com\/fr\/wp-json\/wp\/v2\/types\/page"}],"author":[{"embeddable":true,"href":"http:\/\/fiready.com\/fr\/wp-json\/wp\/v2\/users\/1"}],"replies":[{"embeddable":true,"href":"http:\/\/fiready.com\/fr\/wp-json\/wp\/v2\/comments?post=29"}],"version-history":[{"count":11,"href":"http:\/\/fiready.com\/fr\/wp-json\/wp\/v2\/pages\/29\/revisions"}],"predecessor-version":[{"id":457,"href":"http:\/\/fiready.com\/fr\/wp-json\/wp\/v2\/pages\/29\/revisions\/457"}],"up":[{"embeddable":true,"href":"http:\/\/fiready.com\/fr\/wp-json\/wp\/v2\/pages\/7"}],"wp:featuredmedia":[{"embeddable":true,"href":"http:\/\/fiready.com\/fr\/wp-json\/wp\/v2\/media\/265"}],"wp:attachment":[{"href":"http:\/\/fiready.com\/fr\/wp-json\/wp\/v2\/media?parent=29"}],"curies":[{"name":"wp","href":"https:\/\/api.w.org\/{rel}","templated":true}]}}