{"id":32,"date":"2013-05-22T11:58:31","date_gmt":"2013-05-22T11:58:31","guid":{"rendered":"http:\/\/fiready.s4w.co\/?page_id=32"},"modified":"2016-05-24T16:00:03","modified_gmt":"2016-05-24T16:00:03","slug":"party","status":"publish","type":"page","link":"http:\/\/fiready.com\/fr\/accueil\/party\/","title":{"rendered":"Party"},"content":{"rendered":"<p><img loading=\"lazy\" decoding=\"async\" class=\"alignright size-full wp-image-316\" alt=\"Party Pack\" src=\"http:\/\/fiready.com\/wp-content\/uploads\/2013\/05\/Party-pack.png\" width=\"450\" height=\"550\" srcset=\"http:\/\/fiready.com\/wp-content\/uploads\/2013\/05\/Party-pack.png 450w, http:\/\/fiready.com\/wp-content\/uploads\/2013\/05\/Party-pack-245x300.png 245w, http:\/\/fiready.com\/wp-content\/uploads\/2013\/05\/Party-pack-250x305.png 250w\" sizes=\"auto, (max-width: 450px) 100vw, 450px\" \/><\/p>\n<table class=\"Tableau_produit\" style=\"width: 323px;\" border=\"0\">\n<tbody>\n<tr>\n<td class=\"head1\">\n<h1>Party<\/h1>\n<\/td>\n<\/tr>\n<tr>\n<td>\n<p><span style=\"font-size: small;\"><strong>UPC :<\/strong><\/span><\/p>\n<p><span style=\"font-size: small;\">6-81965-10016-7<\/span><\/p>\n<hr style=\"height: 1px;\" \/>\n<p><span style=\"font-size: small;\"><strong>Mesure imp\u00e9riale :<\/strong><\/span><\/p>\n<p><span style=\"font-size: small;\">1.0 pi cu, empil\u00e9<\/span><\/p>\n<hr style=\"height: 1px;\" \/>\n<p><span style=\"font-size: small;\"><strong>Mesure m\u00e9trique :<\/strong><\/span><\/p>\n<p><span style=\"font-size: small;\">28 dm<sup>3<\/sup><\/span><\/p>\n<hr style=\"height: 1px;\" \/>\n<p><span style=\"font-size: small;\"><strong>Poids approximatif :<\/strong><\/span><\/p>\n<p><span style=\"font-size: small;\">25 lb \/ 11.4 kg<\/span><\/p>\n<hr style=\"height: 1px;\" \/>\n<p><span style=\"font-size: small;\"><strong>Dimensions approximatives :<\/strong><\/span><\/p>\n<p><span style=\"font-size: small;\">16&Prime; X 12&Prime; X 9&Prime; \/ 40 cm X 30 cm X 23 cm<\/span><\/p>\n<hr style=\"height: 1px;\" \/>\n<p><span style=\"font-size: small;\"><strong>Sacs \/ Palette :<\/strong><\/span><\/p>\n<p><span style=\"font-size: small;\">72 sacs ou (36\/36) superpos\u00e9s<\/span><\/p>\n<hr style=\"height: 1px;\" \/>\n<p><span style=\"font-size: small;\"><strong>Palette :<\/strong><\/span><\/p>\n<p><span style=\"font-size: small;\">40&Prime; X 48&Prime; (quatre entr\u00e9es) \/ 100 cm X 120 cm<\/span><\/p>\n<hr style=\"height: 1px;\" \/>\n<p><span style=\"font-size: small;\"><strong>Poids approximatif par palette (72 sacs) :<\/strong><\/span><\/p>\n<p><span style=\"font-size: small;\">1860 lb \/ 846 kg<\/span><\/p>\n<hr style=\"height: 1px;\" \/>\n<p><span style=\"font-size: small;\"><strong>Poids approximatif par palette (36 sacs) :<\/strong><\/span><\/p>\n<p><span style=\"font-size: small;\">930 lb \/ 423 kg<\/span><\/p>\n<hr style=\"height: 1px;\" \/>\n<p><span style=\"font-size: small;\"><strong>Sacs \/ Palette \/ Camion :<\/strong><\/span><\/p>\n<p><span style=\"font-size: small;\">1728 sacs \/ 24 palettes \u00c9TAT-UNIS<\/span><\/p>\n<p><span style=\"font-size: small;\">1872 sacs \/ 26 palettes CANADA<\/span><\/p>\n<hr style=\"height: 1px;\" \/>\n<p><span style=\"font-size: small;\"><strong>Palette cubique (72 sacs) :<\/strong><\/span><\/p>\n<p><span style=\"font-size: small;\">40&Prime; X 48&Prime; X 76&Prime; \/ 100 cm X 120 cm X 190 cm<\/span><\/p>\n<hr style=\"height: 1px;\" \/>\n<p><span style=\"font-size: small;\"><strong>Palette cubique (36 sacs) :<\/strong><\/span><\/p>\n<p><span style=\"font-size: small;\">40&Prime; X 48&Prime; X 38&Prime; \/ 100 cm X 120 cm X 95 cm<\/span><\/p>\n<hr style=\"height: 1px;\" \/><\/td>\n<\/tr>\n<\/tbody>\n<\/table>\n<p>&nbsp;<\/p>\n<h2>Options<\/p>\n<\/h2>\n<p><strong>R1601W :<\/strong><\/p>\n<p>72 sacs sur palette simple \/ Avec allume-feu non-toxique ins\u00e9r\u00e9 dans le sac.<\/p>\n<p><strong>T1601W :<\/strong><\/p>\n<p>72 sacs (36\/36) sur palettes superpos\u00e9es \/ Avec allume-feu non-toxique ins\u00e9r\u00e9 dans le sac.<\/p>\n<p><strong><a href=\"http:\/\/fiready.com\/wp-content\/uploads\/2013\/05\/Party-Fr.pdf\">T\u00e9l\u00e9charger la fiche PDF<\/a><\/p>\n<p><\/strong><\/p>\n<p><strong><a href=\"mailto:fiready@fiready.com\" target=\"_blank\">Passer une commande.<\/p>\n<p><\/a><\/strong><\/p>\n<address><em>Application de cr\u00e9dit requise.<\/em><\/address>\n","protected":false},"excerpt":{"rendered":"<p>Party UPC : 6-81965-10016-7 Mesure imp\u00e9riale : 1.0 pi cu, empil\u00e9 Mesure m\u00e9trique : 28 dm3 Poids approximatif : 25 lb \/ 11.4 kg Dimensions approximatives : 16&Prime; X 12&Prime; X 9&Prime; \/ 40 cm X 30 cm X 23 cm Sacs \/ Palette : 72 sacs ou (36\/36) superpos\u00e9s Palette : 40&Prime; X 48&Prime; [&hellip;]<\/p>\n","protected":false},"author":1,"featured_media":190,"parent":7,"menu_order":0,"comment_status":"open","ping_status":"open","template":"","meta":{"footnotes":""},"class_list":["post-32","page","type-page","status-publish","has-post-thumbnail","hentry"],"_links":{"self":[{"href":"http:\/\/fiready.com\/fr\/wp-json\/wp\/v2\/pages\/32","targetHints":{"allow":["GET"]}}],"collection":[{"href":"http:\/\/fiready.com\/fr\/wp-json\/wp\/v2\/pages"}],"about":[{"href":"http:\/\/fiready.com\/fr\/wp-json\/wp\/v2\/types\/page"}],"author":[{"embeddable":true,"href":"http:\/\/fiready.com\/fr\/wp-json\/wp\/v2\/users\/1"}],"replies":[{"embeddable":true,"href":"http:\/\/fiready.com\/fr\/wp-json\/wp\/v2\/comments?post=32"}],"version-history":[{"count":8,"href":"http:\/\/fiready.com\/fr\/wp-json\/wp\/v2\/pages\/32\/revisions"}],"predecessor-version":[{"id":452,"href":"http:\/\/fiready.com\/fr\/wp-json\/wp\/v2\/pages\/32\/revisions\/452"}],"up":[{"embeddable":true,"href":"http:\/\/fiready.com\/fr\/wp-json\/wp\/v2\/pages\/7"}],"wp:featuredmedia":[{"embeddable":true,"href":"http:\/\/fiready.com\/fr\/wp-json\/wp\/v2\/media\/190"}],"wp:attachment":[{"href":"http:\/\/fiready.com\/fr\/wp-json\/wp\/v2\/media?parent=32"}],"curies":[{"name":"wp","href":"https:\/\/api.w.org\/{rel}","templated":true}]}}