{"id":36,"date":"2013-05-22T11:59:35","date_gmt":"2013-05-22T11:59:35","guid":{"rendered":"http:\/\/fiready.s4w.co\/?page_id=36"},"modified":"2016-05-24T16:00:27","modified_gmt":"2016-05-24T16:00:27","slug":"melange-de-produits","status":"publish","type":"page","link":"http:\/\/fiready.com\/fr\/accueil\/melange-de-produits\/","title":{"rendered":"M\u00e9lange de produits"},"content":{"rendered":"<p><img loading=\"lazy\" decoding=\"async\" class=\"alignright size-full wp-image-343\" alt=\"MX 4010\" src=\"http:\/\/fiready.com\/wp-content\/uploads\/2013\/05\/pallet-mix-fr.png\" width=\"450\" height=\"550\" srcset=\"http:\/\/fiready.com\/wp-content\/uploads\/2013\/05\/pallet-mix-fr.png 450w, http:\/\/fiready.com\/wp-content\/uploads\/2013\/05\/pallet-mix-fr-245x300.png 245w, http:\/\/fiready.com\/wp-content\/uploads\/2013\/05\/pallet-mix-fr-250x305.png 250w\" sizes=\"auto, (max-width: 450px) 100vw, 450px\" \/><\/p>\n<table class=\"Tableau_produit\" style=\"width: 323px;\" border=\"0\">\n<tbody>\n<tr>\n<td class=\"head1\">\n<h1>MX 4010<\/h1>\n<p><em>~ 80 sacs Cozy + 20 sacs Composante de bois d&rsquo;\u0153uvre ~<\/em><\/p>\n<\/td>\n<\/tr>\n<tr>\n<td>\n<p><span style=\"font-size: small;\"><strong>UPC :<\/strong><\/span><\/p>\n<p><span style=\"font-size: small;\">6-81965-07516-8 + 6-81965-03012-9<\/span><\/p>\n<hr style=\"height: 1px;\" \/>\n<p><span style=\"font-size: small;\"><strong>Mesure imp\u00e9riale :<\/strong><\/span><\/p>\n<p><span style=\"font-size: small;\">0.75 pi cu, empil\u00e9 + 0.40 pi cu, empil\u00e9<\/span><\/p>\n<hr style=\"height: 1px;\" \/>\n<p><span style=\"font-size: small;\"><strong>Mesure m\u00e9trique :<\/strong><\/span><\/p>\n<p><span style=\"font-size: small;\">20 dm<sup>3<\/sup> + 11.5 dm<sup>3<\/sup><\/span><\/p>\n<hr style=\"height: 1px;\" \/>\n<p><span style=\"font-size: small;\"><strong>Poids approximatif :<\/strong><\/span><\/p>\n<p><span style=\"font-size: small;\">18 lb \/ 8.2 kg + 10 lb \/ 4.5 kg<\/span><\/p>\n<hr style=\"height: 1px;\" \/>\n<p><span style=\"font-size: small;\"><strong>Dimensions approximatives :<\/strong><\/span><\/p>\n<p><span style=\"font-size: small;\">16&Prime; X 9&Prime; X 9&Prime; \/ 40 cm X 23 cm X 23 cm<\/span><\/p>\n<p><span style=\"font-size: small;\">11&Prime; X 14&Prime; X 5&Prime; \/ 30 cm X 35.5 cm X 13 cm<\/span><\/p>\n<hr style=\"height: 1px;\" \/>\n<p><span style=\"font-size: small;\"><strong>Sacs \/ Palette : <\/strong><\/span><\/p>\n<p><span style=\"font-size: small;\">100 sacs (40+10\/40+10) superpos\u00e9s<\/span><\/p>\n<hr style=\"height: 1px;\" \/>\n<p><span style=\"font-size: small;\"><strong>2 Palettes superpos\u00e9e :<\/strong><\/span><\/p>\n<p><span style=\"font-size: small;\">40&Prime; X 48&Prime; (quatre entr\u00e9es) \/ 100 cm X 120 cm<\/span><\/p>\n<hr style=\"height: 1px;\" \/>\n<p><span style=\"font-size: small;\"><strong>Poids approximatif par palette (100 sacs) :<\/strong><\/span><\/p>\n<p><span style=\"font-size: small;\">1740 lb \/ 790 kg<\/span><\/p>\n<hr style=\"height: 1px;\" \/>\n<p><span style=\"font-size: small;\"><strong>Sacs \/ Palette \/ Camion :<\/strong><\/span><\/p>\n<p><span style=\"font-size: small;\">2400 sacs \/ 24 palettes \u00c9TAT-UNIS<\/span><\/p>\n<p><span style=\"font-size: small;\">2600 sacs \/ 26 palettes CANADA<\/span><\/p>\n<hr style=\"height: 1px;\" \/>\n<p><span style=\"font-size: small;\"><strong>Palette cubique (100 sacs) :<\/strong><\/span><\/p>\n<p><span style=\"font-size: small;\">40&Prime; X 48&Prime; X 72&Prime; \/ 100 cm X 120 cm X 180cm<\/span><\/p>\n<hr style=\"height: 1px;\" \/>\n<p><span style=\"font-size: small;\"><strong>Palette cubique (50 sacs) :<\/strong><\/span><\/p>\n<p><span style=\"font-size: small;\">40&Prime; X 48&Prime; X 36&Prime; \/ 100 cm X 120 cm X 90 cm<\/span><\/p>\n<hr style=\"height: 1px;\" \/><\/td>\n<\/tr>\n<\/tbody>\n<\/table>\n<p>&nbsp;<\/p>\n<h2>Options<\/p>\n<\/h2>\n<p><strong>Un m\u00e9lange de produits sur palette : bois de foyer et bois d&rsquo;allumage<\/strong><\/p>\n<p>MX4010: 100 sacs (40 sacs de bois de foyer + 10 sacs de bois d&rsquo;allumage) sur 2 palettes superpos\u00e9es<\/p>\n<p><strong><a href=\"http:\/\/fiready.com\/wp-content\/uploads\/2013\/05\/pallet-mix-fr.pdf\">T\u00e9l\u00e9charger la fiche PDF<\/p>\n<p><\/a><\/strong><\/p>\n<p><strong><a href=\"mailto:fiready@fiready.com\" target=\"_blank\">Passer une commande.<\/p>\n<p><\/a><\/strong><\/p>\n<address>Application de cr\u00e9dit requise.<\/address>\n","protected":false},"excerpt":{"rendered":"<p>MX 4010 ~ 80 sacs Cozy + 20 sacs Composante de bois d&rsquo;\u0153uvre ~ UPC : 6-81965-07516-8 + 6-81965-03012-9 Mesure imp\u00e9riale : 0.75 pi cu, empil\u00e9 + 0.40 pi cu, empil\u00e9 Mesure m\u00e9trique : 20 dm3 + 11.5 dm3 Poids approximatif : 18 lb \/ 8.2 kg + 10 lb \/ 4.5 kg Dimensions approximatives [&hellip;]<\/p>\n","protected":false},"author":1,"featured_media":261,"parent":7,"menu_order":0,"comment_status":"open","ping_status":"open","template":"","meta":{"footnotes":""},"class_list":["post-36","page","type-page","status-publish","has-post-thumbnail","hentry"],"_links":{"self":[{"href":"http:\/\/fiready.com\/fr\/wp-json\/wp\/v2\/pages\/36","targetHints":{"allow":["GET"]}}],"collection":[{"href":"http:\/\/fiready.com\/fr\/wp-json\/wp\/v2\/pages"}],"about":[{"href":"http:\/\/fiready.com\/fr\/wp-json\/wp\/v2\/types\/page"}],"author":[{"embeddable":true,"href":"http:\/\/fiready.com\/fr\/wp-json\/wp\/v2\/users\/1"}],"replies":[{"embeddable":true,"href":"http:\/\/fiready.com\/fr\/wp-json\/wp\/v2\/comments?post=36"}],"version-history":[{"count":7,"href":"http:\/\/fiready.com\/fr\/wp-json\/wp\/v2\/pages\/36\/revisions"}],"predecessor-version":[{"id":454,"href":"http:\/\/fiready.com\/fr\/wp-json\/wp\/v2\/pages\/36\/revisions\/454"}],"up":[{"embeddable":true,"href":"http:\/\/fiready.com\/fr\/wp-json\/wp\/v2\/pages\/7"}],"wp:featuredmedia":[{"embeddable":true,"href":"http:\/\/fiready.com\/fr\/wp-json\/wp\/v2\/media\/261"}],"wp:attachment":[{"href":"http:\/\/fiready.com\/fr\/wp-json\/wp\/v2\/media?parent=36"}],"curies":[{"name":"wp","href":"https:\/\/api.w.org\/{rel}","templated":true}]}}