{"id":37,"date":"2013-03-22T12:00:22","date_gmt":"2013-03-22T12:00:22","guid":{"rendered":"http:\/\/fiready.s4w.co\/?page_id=37"},"modified":"2013-11-25T17:26:51","modified_gmt":"2013-11-25T17:26:51","slug":"certification-et-transformation","status":"publish","type":"page","link":"http:\/\/fiready.com\/fr\/certification-et-transformation\/","title":{"rendered":"Certification et transformation"},"content":{"rendered":"<p>Le bois de foyer <b>AMBIANCE<\/b><b><sup>MC<\/sup><\/b> est certifi\u00e9 sans insectes et est exempt de moisissure. Nos produits sont conformes aux normes prescrites de traitement \u00e0 la chaleur et m\u00eame les surpassent. La transformation, le s\u00e9chage au four et l\u2019emballage sont effectu\u00e9s avec le plus grand soin afin d\u2019assurer une qualit\u00e9 constante.<\/p>\n","protected":false},"excerpt":{"rendered":"<p>Le bois de foyer AMBIANCEMC est certifi\u00e9 sans insectes et est exempt de moisissure. Nos produits sont conformes aux normes prescrites de traitement \u00e0 la chaleur et m\u00eame les surpassent. La transformation, le s\u00e9chage au four et l\u2019emballage sont effectu\u00e9s avec le plus grand soin afin d\u2019assurer une qualit\u00e9 constante.<\/p>\n","protected":false},"author":1,"featured_media":232,"parent":0,"menu_order":0,"comment_status":"open","ping_status":"open","template":"","meta":{"footnotes":""},"class_list":["post-37","page","type-page","status-publish","has-post-thumbnail","hentry"],"_links":{"self":[{"href":"http:\/\/fiready.com\/fr\/wp-json\/wp\/v2\/pages\/37","targetHints":{"allow":["GET"]}}],"collection":[{"href":"http:\/\/fiready.com\/fr\/wp-json\/wp\/v2\/pages"}],"about":[{"href":"http:\/\/fiready.com\/fr\/wp-json\/wp\/v2\/types\/page"}],"author":[{"embeddable":true,"href":"http:\/\/fiready.com\/fr\/wp-json\/wp\/v2\/users\/1"}],"replies":[{"embeddable":true,"href":"http:\/\/fiready.com\/fr\/wp-json\/wp\/v2\/comments?post=37"}],"version-history":[{"count":5,"href":"http:\/\/fiready.com\/fr\/wp-json\/wp\/v2\/pages\/37\/revisions"}],"predecessor-version":[{"id":414,"href":"http:\/\/fiready.com\/fr\/wp-json\/wp\/v2\/pages\/37\/revisions\/414"}],"wp:featuredmedia":[{"embeddable":true,"href":"http:\/\/fiready.com\/fr\/wp-json\/wp\/v2\/media\/232"}],"wp:attachment":[{"href":"http:\/\/fiready.com\/fr\/wp-json\/wp\/v2\/media?parent=37"}],"curies":[{"name":"wp","href":"https:\/\/api.w.org\/{rel}","templated":true}]}}