{"id":38,"date":"2013-03-22T12:00:35","date_gmt":"2013-03-22T12:00:35","guid":{"rendered":"http:\/\/fiready.s4w.co\/?page_id=38"},"modified":"2013-11-25T17:27:12","modified_gmt":"2013-11-25T17:27:12","slug":"entreprise-responsable","status":"publish","type":"page","link":"http:\/\/fiready.com\/fr\/entreprise-responsable\/","title":{"rendered":"Entreprise \u00e9coresponsable"},"content":{"rendered":"<p>Nous exploitons la for\u00eat dans le respect de la nature. Avec notre propre syst\u00e8me d\u2019\u00e9nergie \u00e0 la biomasse, nous avons \u00e9limin\u00e9 les combustibles fossiles : tous les rebuts de production sont utilis\u00e9s pour alimenter notre chaudi\u00e8re et chauffer notre s\u00e9choir. Le bois d\u2019allumage est fait \u00e0 partir de composantes de bois d\u2019\u0153uvre recycl\u00e9.<\/p>\n","protected":false},"excerpt":{"rendered":"<p>Nous exploitons la for\u00eat dans le respect de la nature. Avec notre propre syst\u00e8me d\u2019\u00e9nergie \u00e0 la biomasse, nous avons \u00e9limin\u00e9 les combustibles fossiles : tous les rebuts de production sont utilis\u00e9s pour alimenter notre chaudi\u00e8re et chauffer notre s\u00e9choir. Le bois d\u2019allumage est fait \u00e0 partir de composantes de bois d\u2019\u0153uvre recycl\u00e9.<\/p>\n","protected":false},"author":1,"featured_media":234,"parent":0,"menu_order":0,"comment_status":"open","ping_status":"open","template":"","meta":{"footnotes":""},"class_list":["post-38","page","type-page","status-publish","has-post-thumbnail","hentry"],"_links":{"self":[{"href":"http:\/\/fiready.com\/fr\/wp-json\/wp\/v2\/pages\/38","targetHints":{"allow":["GET"]}}],"collection":[{"href":"http:\/\/fiready.com\/fr\/wp-json\/wp\/v2\/pages"}],"about":[{"href":"http:\/\/fiready.com\/fr\/wp-json\/wp\/v2\/types\/page"}],"author":[{"embeddable":true,"href":"http:\/\/fiready.com\/fr\/wp-json\/wp\/v2\/users\/1"}],"replies":[{"embeddable":true,"href":"http:\/\/fiready.com\/fr\/wp-json\/wp\/v2\/comments?post=38"}],"version-history":[{"count":6,"href":"http:\/\/fiready.com\/fr\/wp-json\/wp\/v2\/pages\/38\/revisions"}],"predecessor-version":[{"id":415,"href":"http:\/\/fiready.com\/fr\/wp-json\/wp\/v2\/pages\/38\/revisions\/415"}],"wp:featuredmedia":[{"embeddable":true,"href":"http:\/\/fiready.com\/fr\/wp-json\/wp\/v2\/media\/234"}],"wp:attachment":[{"href":"http:\/\/fiready.com\/fr\/wp-json\/wp\/v2\/media?parent=38"}],"curies":[{"name":"wp","href":"https:\/\/api.w.org\/{rel}","templated":true}]}}