{"id":388,"date":"2013-07-26T13:36:16","date_gmt":"2013-07-26T13:36:16","guid":{"rendered":"http:\/\/fiready.s4w.co\/?page_id=388"},"modified":"2016-05-24T16:00:40","modified_gmt":"2016-05-24T16:00:40","slug":"allume-feu","status":"publish","type":"page","link":"http:\/\/fiready.com\/fr\/accueil\/allume-feu\/","title":{"rendered":"Allume-Feu"},"content":{"rendered":"<p><img loading=\"lazy\" decoding=\"async\" class=\"alignright size-full wp-image-389\" alt=\"allume-feu\" src=\"http:\/\/fiready.com\/wp-content\/uploads\/2013\/07\/allume-feu.png\" width=\"414\" height=\"355\" srcset=\"http:\/\/fiready.com\/wp-content\/uploads\/2013\/07\/allume-feu.png 414w, http:\/\/fiready.com\/wp-content\/uploads\/2013\/07\/allume-feu-300x257.png 300w, http:\/\/fiready.com\/wp-content\/uploads\/2013\/07\/allume-feu-250x214.png 250w\" sizes=\"auto, (max-width: 414px) 100vw, 414px\" \/><\/p>\n<table border=\"0\">\n<tbody>\n<tr>\n<td>\n<h1>48 Cubes\/Packet\u00a0<br \/>12 Pakets\/Bo\u00eete<\/h1>\n<\/td>\n<\/tr>\n<tr>\n<td>\n<p><strong>UPC unitaire :<\/strong><\/p>\n<p>6-81965-04800-1<\/p>\n<hr \/>\n<p><strong>UPC bo\u00eete pr\u00e9sentoire :<\/strong><\/p>\n<p>6-81965-04812-4<\/p>\n<hr \/>\n<p><strong>Unit de mesure :<\/strong><\/p>\n<p>12 x 48 cubes<\/p>\n<hr \/>\n<p><strong>Carton par pallette :<\/strong><\/p>\n<p>80 (16 x 5)<\/p>\n<hr \/>\n<p><strong>Dimension de l\u2019unit\u00e9 :<\/strong><\/p>\n<p>2.5\u201d X 3.5\u201d X 6\u201d \/<br \/>6.5 cm X 8.9 cm X 15.2 cm<\/p>\n<hr \/>\n<p><strong>Dimension de la bo\u00eete :<\/strong><\/p>\n<p>12.2\u201d X 8.2\u201d X 7.5\u201d \/<br \/>31 cm X 20.8 cm X 19.1 cm<\/p>\n<hr \/>\n<p><strong>Dimension de la palette :<\/strong><\/p>\n<p>48\u201d X 40\u201d X 44\u2019\u2019(quatre entr\u00e9es) \/<br \/>122 cm X 102 cm X 112 cm<\/p>\n<hr \/>\n<p><strong>Poids par unit\u00e9 :<\/strong><\/p>\n<p>1.25 lb \/ 0.572 kg<\/p>\n<hr \/>\n<p><strong>Poids par bo\u00eete :<\/p>\n<p><\/strong>15 lb \/ 6.9 kg<\/p>\n<hr \/>\n<p><strong>Poids par pallette :<strong><\/p>\n<p><\/strong><\/strong>1294 lb \/ 588 kg<\/p>\n<hr \/>\n<\/td>\n<\/tr>\n<\/tbody>\n<\/table>\n<h2><strong style=\"font-size: 13px;\"><a href=\"http:\/\/fiready.com\/wp-content\/uploads\/2013\/07\/fiche_allume_feu_fr.pdf\"><br \/>T\u00e9l\u00e9charger la fiche PDF<\/a><\/strong><\/h2>\n<p><strong><\/p>\n<p><\/strong><strong><a href=\"mailto:fiready@fiready.com\" target=\"_blank\">Passer une commande.<\/p>\n<p><\/a><\/strong><\/p>\n<p>&nbsp;<\/p>\n<address><em id=\"__mceDel\">Application de cr\u00e9dit requise.<\/em><\/address>\n","protected":false},"excerpt":{"rendered":"<p>48 Cubes\/Packet\u00a012 Pakets\/Bo\u00eete UPC unitaire : 6-81965-04800-1 UPC bo\u00eete pr\u00e9sentoire : 6-81965-04812-4 Unit de mesure : 12 x 48 cubes Carton par pallette : 80 (16 x 5) Dimension de l\u2019unit\u00e9 : 2.5\u201d X 3.5\u201d X 6\u201d \/6.5 cm X 8.9 cm X 15.2 cm Dimension de la bo\u00eete : 12.2\u201d X 8.2\u201d X 7.5\u201d [&hellip;]<\/p>\n","protected":false},"author":1,"featured_media":406,"parent":7,"menu_order":0,"comment_status":"open","ping_status":"open","template":"","meta":{"footnotes":""},"class_list":["post-388","page","type-page","status-publish","has-post-thumbnail","hentry"],"_links":{"self":[{"href":"http:\/\/fiready.com\/fr\/wp-json\/wp\/v2\/pages\/388","targetHints":{"allow":["GET"]}}],"collection":[{"href":"http:\/\/fiready.com\/fr\/wp-json\/wp\/v2\/pages"}],"about":[{"href":"http:\/\/fiready.com\/fr\/wp-json\/wp\/v2\/types\/page"}],"author":[{"embeddable":true,"href":"http:\/\/fiready.com\/fr\/wp-json\/wp\/v2\/users\/1"}],"replies":[{"embeddable":true,"href":"http:\/\/fiready.com\/fr\/wp-json\/wp\/v2\/comments?post=388"}],"version-history":[{"count":9,"href":"http:\/\/fiready.com\/fr\/wp-json\/wp\/v2\/pages\/388\/revisions"}],"predecessor-version":[{"id":455,"href":"http:\/\/fiready.com\/fr\/wp-json\/wp\/v2\/pages\/388\/revisions\/455"}],"up":[{"embeddable":true,"href":"http:\/\/fiready.com\/fr\/wp-json\/wp\/v2\/pages\/7"}],"wp:featuredmedia":[{"embeddable":true,"href":"http:\/\/fiready.com\/fr\/wp-json\/wp\/v2\/media\/406"}],"wp:attachment":[{"href":"http:\/\/fiready.com\/fr\/wp-json\/wp\/v2\/media?parent=388"}],"curies":[{"name":"wp","href":"https:\/\/api.w.org\/{rel}","templated":true}]}}