{"id":39,"date":"2013-04-22T12:00:45","date_gmt":"2013-04-22T12:00:45","guid":{"rendered":"http:\/\/fiready.s4w.co\/?page_id=39"},"modified":"2013-11-25T17:27:27","modified_gmt":"2013-11-25T17:27:27","slug":"profil","status":"publish","type":"page","link":"http:\/\/fiready.com\/fr\/profil\/","title":{"rendered":"Profil"},"content":{"rendered":"<p>Fiready est une entreprise familiale qui se consacre \u00e0 la commercialisation du bois de chauffage s\u00e9ch\u00e9 en usine. Nos proc\u00e9d\u00e9s de production sont \u00e0 la fine pointe de la technologie. Nous pouvons compter sur une \u00e9quipe dynamique, soucieuse d\u2019offrir aux clients ce qu\u2019il y a de mieux en la mati\u00e8re, tout en assurant un service de vente et d\u2019apr\u00e8s-vente hors du commun.<\/p>\n","protected":false},"excerpt":{"rendered":"<p>Fiready est une entreprise familiale qui se consacre \u00e0 la commercialisation du bois de chauffage s\u00e9ch\u00e9 en usine. Nos proc\u00e9d\u00e9s de production sont \u00e0 la fine pointe de la technologie. Nous pouvons compter sur une \u00e9quipe dynamique, soucieuse d\u2019offrir aux clients ce qu\u2019il y a de mieux en la mati\u00e8re, tout en assurant un service [&hellip;]<\/p>\n","protected":false},"author":1,"featured_media":238,"parent":0,"menu_order":0,"comment_status":"open","ping_status":"open","template":"","meta":{"footnotes":""},"class_list":["post-39","page","type-page","status-publish","has-post-thumbnail","hentry"],"_links":{"self":[{"href":"http:\/\/fiready.com\/fr\/wp-json\/wp\/v2\/pages\/39","targetHints":{"allow":["GET"]}}],"collection":[{"href":"http:\/\/fiready.com\/fr\/wp-json\/wp\/v2\/pages"}],"about":[{"href":"http:\/\/fiready.com\/fr\/wp-json\/wp\/v2\/types\/page"}],"author":[{"embeddable":true,"href":"http:\/\/fiready.com\/fr\/wp-json\/wp\/v2\/users\/1"}],"replies":[{"embeddable":true,"href":"http:\/\/fiready.com\/fr\/wp-json\/wp\/v2\/comments?post=39"}],"version-history":[{"count":6,"href":"http:\/\/fiready.com\/fr\/wp-json\/wp\/v2\/pages\/39\/revisions"}],"predecessor-version":[{"id":416,"href":"http:\/\/fiready.com\/fr\/wp-json\/wp\/v2\/pages\/39\/revisions\/416"}],"wp:featuredmedia":[{"embeddable":true,"href":"http:\/\/fiready.com\/fr\/wp-json\/wp\/v2\/media\/238"}],"wp:attachment":[{"href":"http:\/\/fiready.com\/fr\/wp-json\/wp\/v2\/media?parent=39"}],"curies":[{"name":"wp","href":"https:\/\/api.w.org\/{rel}","templated":true}]}}