{"id":57,"date":"2013-05-22T12:04:00","date_gmt":"2013-05-22T12:04:00","guid":{"rendered":"http:\/\/fiready.s4w.co\/?page_id=57"},"modified":"2013-06-05T17:10:02","modified_gmt":"2013-06-05T17:10:02","slug":"certification","status":"publish","type":"page","link":"http:\/\/fiready.com\/fr\/certification-et-transformation\/certification\/","title":{"rendered":"Certification"},"content":{"rendered":"<h2><strong>Un bois de qualit\u00e9; un feu in\u00e9gal\u00e9!<\/strong><\/h2>\n<p>&nbsp;<\/p>\n<p><strong>\u00a0<\/strong><\/p>\n<p><strong><em>Le bois de foyer AMBIANCE\u2122 de Fiready inc.\u00a0<\/em><\/strong>rencontre et d\u00e9passe les normes prescrites de traitement \u00e0 la chaleur.<\/p>\n<p>&nbsp;<\/p>\n<p>Les exigences de\u00a0<strong>traitement \u00e0 la chaleur<\/strong>\u00a0\u00e0 la certification de nos b\u00fbches ont chang\u00e9es en 2011. Ant\u00e9rieurement on exigeait que la temp\u00e9rature \u00e0 l\u2019int\u00e9rieur de celles-ci atteigne un minimum de\u00a0<strong>71.1 \u00b0C (ou 160 \u00b0F) et que ce niveau de chaleur intense soit maintenu constamment \u00e0 l\u2019int\u00e9rieur de la b\u00fbche pendant une p\u00e9riode d\u2019au moins 75 minutes<\/strong>\u00a0pour certifier que le produit est sans insectes. Depuis mai 2011, les agences ont r\u00e9duit les exigences \u00e0 60\u00baC (ou 140\u00baF) maintenu pour une dur\u00e9e moindre de seulement 60 minutes \u00e0 l\u2019int\u00e9rieur de la b\u00fbche.<\/p>\n<p>&nbsp;<\/p>\n<p><strong><em>Fiready continue de certifier son bois \u00e0 la prescription originale<\/em><em>\u00a0ant\u00e9rieure.<\/em><\/strong><\/p>\n<p>\u2022 Notre bois de foyer et de camping est certifi\u00e9 sans insectes, ni moisissure.<\/p>\n<p>\u2022 Celui-ci est s\u00e9curitaire \u00e0 l\u2019entreposage, \u00e0 l\u2019environnement, et \u00e0 l\u2019utilisation.<\/p>\n<p>&nbsp;<\/p>\n<p><em><strong>Fiready inc.<\/strong><\/em>\u00a0contr\u00f4le la performance des lots de s\u00e9choirs et fournit le document de certification \u00e0 l\u2019exp\u00e9dition de la marchandise.<\/p>\n<p>&nbsp;<\/p>\n<p><strong><em>Ce que nous faisons\u2026nous le faisons bien!<\/em><\/strong><\/p>\n<p>Pour maintenir ses qualit\u00e9s de valeur-ajout\u00e9e, ce produit doit \u00eatre entrepos\u00e9 sous un abri \u00e0 l\u2019\u00e9preuve de l\u2019intemp\u00e9rie. Il est sans insectes ni moisissure, facile \u00e0 transporter, simple \u00e0 allumer, et vous garantit une chaude ambiance! Vous serez impressionn\u00e9 par ses flammes vives et le d\u00e9gagement d&rsquo;une chaleur intense.<\/p>\n","protected":false},"excerpt":{"rendered":"<p>Un bois de qualit\u00e9; un feu in\u00e9gal\u00e9! &nbsp; \u00a0 Le bois de foyer AMBIANCE\u2122 de Fiready inc.\u00a0rencontre et d\u00e9passe les normes prescrites de traitement \u00e0 la chaleur. &nbsp; Les exigences de\u00a0traitement \u00e0 la chaleur\u00a0\u00e0 la certification de nos b\u00fbches ont chang\u00e9es en 2011. Ant\u00e9rieurement on exigeait que la temp\u00e9rature \u00e0 l\u2019int\u00e9rieur de celles-ci atteigne un [&hellip;]<\/p>\n","protected":false},"author":1,"featured_media":151,"parent":37,"menu_order":0,"comment_status":"open","ping_status":"open","template":"","meta":{"footnotes":""},"class_list":["post-57","page","type-page","status-publish","has-post-thumbnail","hentry"],"_links":{"self":[{"href":"http:\/\/fiready.com\/fr\/wp-json\/wp\/v2\/pages\/57","targetHints":{"allow":["GET"]}}],"collection":[{"href":"http:\/\/fiready.com\/fr\/wp-json\/wp\/v2\/pages"}],"about":[{"href":"http:\/\/fiready.com\/fr\/wp-json\/wp\/v2\/types\/page"}],"author":[{"embeddable":true,"href":"http:\/\/fiready.com\/fr\/wp-json\/wp\/v2\/users\/1"}],"replies":[{"embeddable":true,"href":"http:\/\/fiready.com\/fr\/wp-json\/wp\/v2\/comments?post=57"}],"version-history":[{"count":3,"href":"http:\/\/fiready.com\/fr\/wp-json\/wp\/v2\/pages\/57\/revisions"}],"predecessor-version":[{"id":154,"href":"http:\/\/fiready.com\/fr\/wp-json\/wp\/v2\/pages\/57\/revisions\/154"}],"up":[{"embeddable":true,"href":"http:\/\/fiready.com\/fr\/wp-json\/wp\/v2\/pages\/37"}],"wp:featuredmedia":[{"embeddable":true,"href":"http:\/\/fiready.com\/fr\/wp-json\/wp\/v2\/media\/151"}],"wp:attachment":[{"href":"http:\/\/fiready.com\/fr\/wp-json\/wp\/v2\/media?parent=57"}],"curies":[{"name":"wp","href":"https:\/\/api.w.org\/{rel}","templated":true}]}}