{"id":60,"date":"2013-05-22T12:04:29","date_gmt":"2013-05-22T12:04:29","guid":{"rendered":"http:\/\/fiready.s4w.co\/?page_id=60"},"modified":"2013-06-05T17:11:26","modified_gmt":"2013-06-05T17:11:26","slug":"transformation","status":"publish","type":"page","link":"http:\/\/fiready.com\/fr\/certification-et-transformation\/transformation\/","title":{"rendered":"Transformation"},"content":{"rendered":"<h2><strong>Notre fiert\u00e9, c\u2019est la qualit\u00e9 constante de notre production!<\/strong><\/h2>\n<p><strong>\u00a0<\/strong><\/p>\n<p>&nbsp;<\/p>\n<p><em><strong>Fiready<\/strong><\/em>\u00a0poss\u00e8de une infrastructure de production moderne et de l\u2019\u00e9quipement fabriqu\u00e9 \u00e0 la fine pointe de la technologie.<\/p>\n<p>&nbsp;<\/p>\n<p>\u00c0 partir de la cueillette en for\u00eat, jusqu&rsquo;\u00e0 la livraison, notre exploitation est pratiqu\u00e9e avec le plus grand respect des terres et for\u00eats. Notre mati\u00e8re premi\u00e8re provient du Comt\u00e9 de Madawaska au Nouveau-Brunswick et nous n&rsquo;utilisons que le bois d&rsquo;\u00e9rable, le bouleau et le h\u00eatre, qui sont reconnus pour leur propri\u00e9t\u00e9 calorifique.<\/p>\n<p>&nbsp;<\/p>\n<p><em><strong>La transformation<\/strong><\/em><\/p>\n<p><em>Apr\u00e8s la coupe et la s\u00e9lection du bois, nos billots sont cord\u00e9s \u00e0 l&rsquo;ext\u00e9rieur durant 12 mois. C&rsquo;est seulement apr\u00e8s cette p\u00e9riode de s\u00e9chage naturel que le bois sera transform\u00e9 et fendu en coupe de 16\u2019\u2019.<\/em><\/p>\n<p>&nbsp;<\/p>\n<p><em><strong>Le s\u00e9chage au four<\/strong><\/em><\/p>\n<p><em>Afin de certifier que notre produit fini est sans insectes, nos b\u00fbches sont s\u00e9ch\u00e9es au four selon les exigences prescrites de traitement \u00e0 la chaleur, non seulement afin de certifier celles-ci sans insectes, mais aussi afin d\u2019assurer un produit fini ensach\u00e9 sans moisissures.<\/em><\/p>\n<p>&nbsp;<\/p>\n<p><em><strong>L&#8217;emballage<\/strong><\/em><\/p>\n<p><em>Une fois que le bois est s\u00e9ch\u00e9 au four, il est ensach\u00e9 dans des sacs de poly\u00e9thyl\u00e8ne robustes mont\u00e9s sur palettes, et entrepos\u00e9 \u00e0 l&rsquo;abri des intemp\u00e9ries avant de vous \u00eatre livr\u00e9. Nous accumulons une r\u00e9serve suffisante de bois ensach\u00e9, afin de fournir \u00e0 votre demande en tout temps.<\/em><\/p>\n","protected":false},"excerpt":{"rendered":"<p>Notre fiert\u00e9, c\u2019est la qualit\u00e9 constante de notre production! \u00a0 &nbsp; Fiready\u00a0poss\u00e8de une infrastructure de production moderne et de l\u2019\u00e9quipement fabriqu\u00e9 \u00e0 la fine pointe de la technologie. &nbsp; \u00c0 partir de la cueillette en for\u00eat, jusqu&rsquo;\u00e0 la livraison, notre exploitation est pratiqu\u00e9e avec le plus grand respect des terres et for\u00eats. Notre mati\u00e8re premi\u00e8re [&hellip;]<\/p>\n","protected":false},"author":1,"featured_media":156,"parent":37,"menu_order":0,"comment_status":"open","ping_status":"open","template":"","meta":{"footnotes":""},"class_list":["post-60","page","type-page","status-publish","has-post-thumbnail","hentry"],"_links":{"self":[{"href":"http:\/\/fiready.com\/fr\/wp-json\/wp\/v2\/pages\/60","targetHints":{"allow":["GET"]}}],"collection":[{"href":"http:\/\/fiready.com\/fr\/wp-json\/wp\/v2\/pages"}],"about":[{"href":"http:\/\/fiready.com\/fr\/wp-json\/wp\/v2\/types\/page"}],"author":[{"embeddable":true,"href":"http:\/\/fiready.com\/fr\/wp-json\/wp\/v2\/users\/1"}],"replies":[{"embeddable":true,"href":"http:\/\/fiready.com\/fr\/wp-json\/wp\/v2\/comments?post=60"}],"version-history":[{"count":2,"href":"http:\/\/fiready.com\/fr\/wp-json\/wp\/v2\/pages\/60\/revisions"}],"predecessor-version":[{"id":158,"href":"http:\/\/fiready.com\/fr\/wp-json\/wp\/v2\/pages\/60\/revisions\/158"}],"up":[{"embeddable":true,"href":"http:\/\/fiready.com\/fr\/wp-json\/wp\/v2\/pages\/37"}],"wp:featuredmedia":[{"embeddable":true,"href":"http:\/\/fiready.com\/fr\/wp-json\/wp\/v2\/media\/156"}],"wp:attachment":[{"href":"http:\/\/fiready.com\/fr\/wp-json\/wp\/v2\/media?parent=60"}],"curies":[{"name":"wp","href":"https:\/\/api.w.org\/{rel}","templated":true}]}}