{"id":7,"date":"2013-02-09T14:06:55","date_gmt":"2013-02-09T14:06:55","guid":{"rendered":"http:\/\/fiready.s4w.co\/?page_id=7"},"modified":"2013-11-25T17:26:34","modified_gmt":"2013-11-25T17:26:34","slug":"accueil","status":"publish","type":"page","link":"http:\/\/fiready.com\/fr\/accueil\/","title":{"rendered":"Produits"},"content":{"rendered":"<p>Le bois de foyer <b>AMBIANCE<\/b><b><sup>MC<\/sup><\/b> de Fiready est un bois franc sans insectes ni moisissures, s\u00e9curitaire \u00e0 l\u2019entreposage et \u00e0 l\u2019utilisation. Pratique et l\u00e9ger \u00e0 transporter, il est ensach\u00e9 dans des sacs de diff\u00e9rents formats mont\u00e9s sur palettes. Nous offrons du bois d\u2019allumage, des m\u00e9langes de produits ainsi qu\u2019une vari\u00e9t\u00e9 d\u2019allume-feu. Pour plus de d\u00e9tails, consultez nos fiches descriptives.<\/p>\n","protected":false},"excerpt":{"rendered":"<p>Le bois de foyer AMBIANCEMC de Fiready est un bois franc sans insectes ni moisissures, s\u00e9curitaire \u00e0 l\u2019entreposage et \u00e0 l\u2019utilisation. Pratique et l\u00e9ger \u00e0 transporter, il est ensach\u00e9 dans des sacs de diff\u00e9rents formats mont\u00e9s sur palettes. Nous offrons du bois d\u2019allumage, des m\u00e9langes de produits ainsi qu\u2019une vari\u00e9t\u00e9 d\u2019allume-feu. Pour plus de d\u00e9tails, [&hellip;]<\/p>\n","protected":false},"author":1,"featured_media":236,"parent":0,"menu_order":0,"comment_status":"open","ping_status":"open","template":"","meta":{"footnotes":""},"class_list":["post-7","page","type-page","status-publish","has-post-thumbnail","hentry"],"_links":{"self":[{"href":"http:\/\/fiready.com\/fr\/wp-json\/wp\/v2\/pages\/7","targetHints":{"allow":["GET"]}}],"collection":[{"href":"http:\/\/fiready.com\/fr\/wp-json\/wp\/v2\/pages"}],"about":[{"href":"http:\/\/fiready.com\/fr\/wp-json\/wp\/v2\/types\/page"}],"author":[{"embeddable":true,"href":"http:\/\/fiready.com\/fr\/wp-json\/wp\/v2\/users\/1"}],"replies":[{"embeddable":true,"href":"http:\/\/fiready.com\/fr\/wp-json\/wp\/v2\/comments?post=7"}],"version-history":[{"count":9,"href":"http:\/\/fiready.com\/fr\/wp-json\/wp\/v2\/pages\/7\/revisions"}],"predecessor-version":[{"id":230,"href":"http:\/\/fiready.com\/fr\/wp-json\/wp\/v2\/pages\/7\/revisions\/230"}],"wp:featuredmedia":[{"embeddable":true,"href":"http:\/\/fiready.com\/fr\/wp-json\/wp\/v2\/media\/236"}],"wp:attachment":[{"href":"http:\/\/fiready.com\/fr\/wp-json\/wp\/v2\/media?parent=7"}],"curies":[{"name":"wp","href":"https:\/\/api.w.org\/{rel}","templated":true}]}}