{"id":82,"date":"2013-05-22T12:10:49","date_gmt":"2013-05-22T12:10:49","guid":{"rendered":"http:\/\/fiready.s4w.co\/?page_id=82"},"modified":"2013-06-05T17:12:18","modified_gmt":"2013-06-05T17:12:18","slug":"ressource-denergie-renouvelable","status":"publish","type":"page","link":"http:\/\/fiready.com\/fr\/entreprise-responsable\/ressource-denergie-renouvelable\/","title":{"rendered":"Ressource d&rsquo;\u00e9nergie renouvelable"},"content":{"rendered":"<h2><strong>Une \u00e9nergie renouvelable, maintenant et pour les g\u00e9n\u00e9rations futures!<\/strong><\/h2>\n<p>&nbsp;<\/p>\n<p>&nbsp;<\/p>\n<p>La sylviculture est pratiqu\u00e9e en respect des terres et for\u00eats en r\u00e9gion, l\u2019exploitation qui en r\u00e9sulte est conforme \u00e0 la<strong><\/strong><em><strong>r\u00e9g\u00e9n\u00e9ration de la nature.<\/strong><\/em><strong><em>\u00a0<\/em><\/strong><\/p>\n<p>&nbsp;<\/p>\n<p><em><strong>Notre Syst\u00e8me biomasse<\/strong><\/em><\/p>\n<p><em><strong>Fiready<\/strong><\/em>\u00a0a install\u00e9 une chaudi\u00e8re de r\u00e9sidu de bois biomasse de haute performance, laquelle exc\u00e8de toutes les exigences environnementales.<\/p>\n<p>&nbsp;<\/p>\n<p>L\u2019initiative fut prise dans le but d\u2019\u00e9liminer l\u2019utilisation de combustible fossile non renouvelable comme source d\u2019\u00e9nergie au processus du s\u00e9chage de bois de foyer.<\/p>\n<p>&nbsp;<\/p>\n<p>Nous utilisons 100\u00a0% des rebuts de production pour alimenter notre chaudi\u00e8re biomasse et pour chauffer notre s\u00e9choir.<\/p>\n","protected":false},"excerpt":{"rendered":"<p>Une \u00e9nergie renouvelable, maintenant et pour les g\u00e9n\u00e9rations futures! &nbsp; &nbsp; La sylviculture est pratiqu\u00e9e en respect des terres et for\u00eats en r\u00e9gion, l\u2019exploitation qui en r\u00e9sulte est conforme \u00e0 lar\u00e9g\u00e9n\u00e9ration de la nature.\u00a0 &nbsp; Notre Syst\u00e8me biomasse Fiready\u00a0a install\u00e9 une chaudi\u00e8re de r\u00e9sidu de bois biomasse de haute performance, laquelle exc\u00e8de toutes les exigences [&hellip;]<\/p>\n","protected":false},"author":1,"featured_media":159,"parent":38,"menu_order":0,"comment_status":"open","ping_status":"open","template":"","meta":{"footnotes":""},"class_list":["post-82","page","type-page","status-publish","has-post-thumbnail","hentry"],"_links":{"self":[{"href":"http:\/\/fiready.com\/fr\/wp-json\/wp\/v2\/pages\/82","targetHints":{"allow":["GET"]}}],"collection":[{"href":"http:\/\/fiready.com\/fr\/wp-json\/wp\/v2\/pages"}],"about":[{"href":"http:\/\/fiready.com\/fr\/wp-json\/wp\/v2\/types\/page"}],"author":[{"embeddable":true,"href":"http:\/\/fiready.com\/fr\/wp-json\/wp\/v2\/users\/1"}],"replies":[{"embeddable":true,"href":"http:\/\/fiready.com\/fr\/wp-json\/wp\/v2\/comments?post=82"}],"version-history":[{"count":3,"href":"http:\/\/fiready.com\/fr\/wp-json\/wp\/v2\/pages\/82\/revisions"}],"predecessor-version":[{"id":90,"href":"http:\/\/fiready.com\/fr\/wp-json\/wp\/v2\/pages\/82\/revisions\/90"}],"up":[{"embeddable":true,"href":"http:\/\/fiready.com\/fr\/wp-json\/wp\/v2\/pages\/38"}],"wp:featuredmedia":[{"embeddable":true,"href":"http:\/\/fiready.com\/fr\/wp-json\/wp\/v2\/media\/159"}],"wp:attachment":[{"href":"http:\/\/fiready.com\/fr\/wp-json\/wp\/v2\/media?parent=82"}],"curies":[{"name":"wp","href":"https:\/\/api.w.org\/{rel}","templated":true}]}}