{"id":84,"date":"2013-05-22T12:11:09","date_gmt":"2013-05-22T12:11:09","guid":{"rendered":"http:\/\/fiready.s4w.co\/?page_id=84"},"modified":"2013-06-05T17:12:56","modified_gmt":"2013-06-05T17:12:56","slug":"biomasse","status":"publish","type":"page","link":"http:\/\/fiready.com\/fr\/entreprise-responsable\/biomasse\/","title":{"rendered":"Biomasse"},"content":{"rendered":"<h2><strong>Maximisons l\u2019utilit\u00e9 de nos ressources!<\/strong><\/h2>\n<p>&nbsp;<\/p>\n<p>&nbsp;<\/p>\n<p><em><strong>Fiready inc.<\/strong><\/em>\u00a0utilise son propre syst\u00e8me d\u2019\u00e9nergie \u00e9cologique biomasse, pour le s\u00e9chage de son bois de foyer. Ce syst\u00e8me permet \u00e0 l\u2019entreprise d\u2019utiliser 100 % des rebuts qui proviennent de la mati\u00e8re premi\u00e8re lors de la transformation de celle-ci.<\/p>\n<p>&nbsp;<\/p>\n<p>De cette fa\u00e7on,\u00a0<em><strong>Fiready inc.<\/strong><\/em>\u00a0s\u2019assure que son produit est \u00e9cologique et fabriqu\u00e9 sans l\u2019utilisation de combustibles fossiles, de source non-renouvelable.<\/p>\n","protected":false},"excerpt":{"rendered":"<p>Maximisons l\u2019utilit\u00e9 de nos ressources! &nbsp; &nbsp; Fiready inc.\u00a0utilise son propre syst\u00e8me d\u2019\u00e9nergie \u00e9cologique biomasse, pour le s\u00e9chage de son bois de foyer. Ce syst\u00e8me permet \u00e0 l\u2019entreprise d\u2019utiliser 100 % des rebuts qui proviennent de la mati\u00e8re premi\u00e8re lors de la transformation de celle-ci. &nbsp; De cette fa\u00e7on,\u00a0Fiready inc.\u00a0s\u2019assure que son produit est \u00e9cologique [&hellip;]<\/p>\n","protected":false},"author":1,"featured_media":163,"parent":38,"menu_order":0,"comment_status":"open","ping_status":"open","template":"","meta":{"footnotes":""},"class_list":["post-84","page","type-page","status-publish","has-post-thumbnail","hentry"],"_links":{"self":[{"href":"http:\/\/fiready.com\/fr\/wp-json\/wp\/v2\/pages\/84","targetHints":{"allow":["GET"]}}],"collection":[{"href":"http:\/\/fiready.com\/fr\/wp-json\/wp\/v2\/pages"}],"about":[{"href":"http:\/\/fiready.com\/fr\/wp-json\/wp\/v2\/types\/page"}],"author":[{"embeddable":true,"href":"http:\/\/fiready.com\/fr\/wp-json\/wp\/v2\/users\/1"}],"replies":[{"embeddable":true,"href":"http:\/\/fiready.com\/fr\/wp-json\/wp\/v2\/comments?post=84"}],"version-history":[{"count":3,"href":"http:\/\/fiready.com\/fr\/wp-json\/wp\/v2\/pages\/84\/revisions"}],"predecessor-version":[{"id":93,"href":"http:\/\/fiready.com\/fr\/wp-json\/wp\/v2\/pages\/84\/revisions\/93"}],"up":[{"embeddable":true,"href":"http:\/\/fiready.com\/fr\/wp-json\/wp\/v2\/pages\/38"}],"wp:featuredmedia":[{"embeddable":true,"href":"http:\/\/fiready.com\/fr\/wp-json\/wp\/v2\/media\/163"}],"wp:attachment":[{"href":"http:\/\/fiready.com\/fr\/wp-json\/wp\/v2\/media?parent=84"}],"curies":[{"name":"wp","href":"https:\/\/api.w.org\/{rel}","templated":true}]}}