{"id":88,"date":"2013-05-22T12:11:40","date_gmt":"2013-05-22T12:11:40","guid":{"rendered":"http:\/\/fiready.s4w.co\/?page_id=88"},"modified":"2013-07-26T12:58:11","modified_gmt":"2013-07-26T12:58:11","slug":"allume-feu-ecolo","status":"publish","type":"page","link":"http:\/\/fiready.com\/fr\/entreprise-responsable\/allume-feu-ecolo\/","title":{"rendered":"Allume-feu \u00e9colo"},"content":{"rendered":"<h2><em>Enflammez votre feu; une simple allumette fera l\u2019affaire!<\/em><\/h2>\n<p>&nbsp;<\/p>\n<p>Fabriqu\u00e9s \u00e0 100% de mat\u00e9riaux recycl\u00e9s, nos allume-feu \u00e9coresponsables sont propres, \u00e9cologiques et inodores.<\/p>\n<p>&nbsp;<\/p>\n<p>Ils sont fabriqu\u00e9s de carton ondul\u00e9 qui procure l&rsquo;oxyg\u00e8ne n\u00e9cessaire et favorise ainsi la combustion.<\/p>\n<p>&nbsp;<\/p>\n<p>Les allumes-feu \u00e9cologique\u00a0<em><strong>Fiready<\/strong><\/em>\u00a0sont inclus dans tous nos sacs\u00a0<em><strong>Fiready&rsquo;s AMBIANCE<em><strong><strong><em>\u2122<\/em><\/strong><\/strong><\/em>\u00a0<a title=\"Party\" href=\"http:\/\/fiready.s4w.co\/fr\/accueil\/party\/\">Party\u00a0<\/a><\/strong><\/em>ou en option dans les Sacs\u00a0<em><strong>Fiready&rsquo;s\u00a0<\/strong><\/em><em><strong>AMBIANCE<\/strong><\/em><em><strong><em><strong><strong><em>\u2122<\/em><\/strong><\/strong><\/em>\u00a0<\/strong><\/em><em><strong><a title=\"Cozy\" href=\"http:\/\/fiready.s4w.co\/fr\/accueil\/cozy-2\/\">Cozy<\/a><\/strong><\/em><\/p>\n<p>&nbsp;<\/p>\n<p><em><strong>Les atouts sont dans le sac!<\/strong><\/em><\/p>\n","protected":false},"excerpt":{"rendered":"<p>Enflammez votre feu; une simple allumette fera l\u2019affaire! &nbsp; Fabriqu\u00e9s \u00e0 100% de mat\u00e9riaux recycl\u00e9s, nos allume-feu \u00e9coresponsables sont propres, \u00e9cologiques et inodores. &nbsp; Ils sont fabriqu\u00e9s de carton ondul\u00e9 qui procure l&rsquo;oxyg\u00e8ne n\u00e9cessaire et favorise ainsi la combustion. &nbsp; Les allumes-feu \u00e9cologique\u00a0Fiready\u00a0sont inclus dans tous nos sacs\u00a0Fiready&rsquo;s AMBIANCE\u2122\u00a0Party\u00a0ou en option dans les Sacs\u00a0Fiready&rsquo;s\u00a0AMBIANCE\u2122\u00a0Cozy &nbsp; [&hellip;]<\/p>\n","protected":false},"author":1,"featured_media":172,"parent":38,"menu_order":0,"comment_status":"open","ping_status":"open","template":"","meta":{"footnotes":""},"class_list":["post-88","page","type-page","status-publish","has-post-thumbnail","hentry"],"_links":{"self":[{"href":"http:\/\/fiready.com\/fr\/wp-json\/wp\/v2\/pages\/88","targetHints":{"allow":["GET"]}}],"collection":[{"href":"http:\/\/fiready.com\/fr\/wp-json\/wp\/v2\/pages"}],"about":[{"href":"http:\/\/fiready.com\/fr\/wp-json\/wp\/v2\/types\/page"}],"author":[{"embeddable":true,"href":"http:\/\/fiready.com\/fr\/wp-json\/wp\/v2\/users\/1"}],"replies":[{"embeddable":true,"href":"http:\/\/fiready.com\/fr\/wp-json\/wp\/v2\/comments?post=88"}],"version-history":[{"count":7,"href":"http:\/\/fiready.com\/fr\/wp-json\/wp\/v2\/pages\/88\/revisions"}],"predecessor-version":[{"id":363,"href":"http:\/\/fiready.com\/fr\/wp-json\/wp\/v2\/pages\/88\/revisions\/363"}],"up":[{"embeddable":true,"href":"http:\/\/fiready.com\/fr\/wp-json\/wp\/v2\/pages\/38"}],"wp:featuredmedia":[{"embeddable":true,"href":"http:\/\/fiready.com\/fr\/wp-json\/wp\/v2\/media\/172"}],"wp:attachment":[{"href":"http:\/\/fiready.com\/fr\/wp-json\/wp\/v2\/media?parent=88"}],"curies":[{"name":"wp","href":"https:\/\/api.w.org\/{rel}","templated":true}]}}