{"id":91,"date":"2013-05-22T12:12:11","date_gmt":"2013-05-22T12:12:11","guid":{"rendered":"http:\/\/fiready.s4w.co\/?page_id=91"},"modified":"2013-06-05T17:21:55","modified_gmt":"2013-06-05T17:21:55","slug":"composantes-de-bois-doeuvre","status":"publish","type":"page","link":"http:\/\/fiready.com\/fr\/entreprise-responsable\/composantes-de-bois-doeuvre\/","title":{"rendered":"Composantes de bois d&rsquo;oeuvre"},"content":{"rendered":"<h2><strong>R\u00e9cup\u00e9rer afin de r\u00e9duire; une id\u00e9e bien allum\u00e9e!<\/strong><\/h2>\n<p>&nbsp;<\/p>\n<p>&nbsp;<\/p>\n<p>Enti\u00e8rement fabriqu\u00e9 \u00e0 partir de composantes de bois d&rsquo;oeuvre recycl\u00e9,\u00a0<em><strong>Fiready\u00a0<\/strong><\/em>propose \u00e0 sa client\u00e8le un bois d&rsquo;allumage s\u00e9ch\u00e9 au four.<\/p>\n<p>&nbsp;<\/p>\n<p>Ce produit permet \u00e0 Fiready d\u2019utiliser \u00e0 100 % les rebuts qui proviennent de la mati\u00e8re premi\u00e8re.<\/p>\n<p>&nbsp;<\/p>\n<p>Une autre belle fa\u00e7on de r\u00e9duire le gaspillage et de vous faire profiter d&rsquo;un produit 100 % \u00e9cologique de qualit\u00e9.<\/p>\n","protected":false},"excerpt":{"rendered":"<p>R\u00e9cup\u00e9rer afin de r\u00e9duire; une id\u00e9e bien allum\u00e9e! &nbsp; &nbsp; Enti\u00e8rement fabriqu\u00e9 \u00e0 partir de composantes de bois d&rsquo;oeuvre recycl\u00e9,\u00a0Fiready\u00a0propose \u00e0 sa client\u00e8le un bois d&rsquo;allumage s\u00e9ch\u00e9 au four. &nbsp; Ce produit permet \u00e0 Fiready d\u2019utiliser \u00e0 100 % les rebuts qui proviennent de la mati\u00e8re premi\u00e8re. &nbsp; Une autre belle fa\u00e7on de r\u00e9duire le [&hellip;]<\/p>\n","protected":false},"author":1,"featured_media":198,"parent":38,"menu_order":0,"comment_status":"open","ping_status":"open","template":"","meta":{"footnotes":""},"class_list":["post-91","page","type-page","status-publish","has-post-thumbnail","hentry"],"_links":{"self":[{"href":"http:\/\/fiready.com\/fr\/wp-json\/wp\/v2\/pages\/91","targetHints":{"allow":["GET"]}}],"collection":[{"href":"http:\/\/fiready.com\/fr\/wp-json\/wp\/v2\/pages"}],"about":[{"href":"http:\/\/fiready.com\/fr\/wp-json\/wp\/v2\/types\/page"}],"author":[{"embeddable":true,"href":"http:\/\/fiready.com\/fr\/wp-json\/wp\/v2\/users\/1"}],"replies":[{"embeddable":true,"href":"http:\/\/fiready.com\/fr\/wp-json\/wp\/v2\/comments?post=91"}],"version-history":[{"count":4,"href":"http:\/\/fiready.com\/fr\/wp-json\/wp\/v2\/pages\/91\/revisions"}],"predecessor-version":[{"id":201,"href":"http:\/\/fiready.com\/fr\/wp-json\/wp\/v2\/pages\/91\/revisions\/201"}],"up":[{"embeddable":true,"href":"http:\/\/fiready.com\/fr\/wp-json\/wp\/v2\/pages\/38"}],"wp:featuredmedia":[{"embeddable":true,"href":"http:\/\/fiready.com\/fr\/wp-json\/wp\/v2\/media\/198"}],"wp:attachment":[{"href":"http:\/\/fiready.com\/fr\/wp-json\/wp\/v2\/media?parent=91"}],"curies":[{"name":"wp","href":"https:\/\/api.w.org\/{rel}","templated":true}]}}